{"id":1009,"date":"2011-09-13T11:21:10","date_gmt":"2011-09-13T10:21:10","guid":{"rendered":"https:\/\/justinstyle.cz\/?page_id=1009"},"modified":"2025-09-04T15:19:20","modified_gmt":"2025-09-04T14:19:20","slug":"sisi","status":"publish","type":"page","link":"https:\/\/justinstyle.cz\/?page_id=1009","title":{"rendered":"Unai Foxy Fox"},"content":{"rendered":"<h1 id=\"unai-foxy-fox-sisi\" style=\"text-align: center;\">Unai Foxy Fox \u201eSisi\u201c<\/h1>\n<h3 id=\"chovna\" style=\"text-align: center;\">chovn\u00e1<\/h3>\n<h3 id=\"unai-foxy-fox-rodokmen\" style=\"text-align: center;\"><a href=\"http:\/\/www.bcccz.cz\/gen\/genealogie.php?gPage=1&gSearch=&gCmku=1&gNameT=0&gName=unai&gAct=detail&ID=6975\">Unai Foxy Fox rodokmen<\/a><\/h3>\n<p style=\"text-align: center;\"><a href=\"http:\/\/ffbi.rajce.idnes.cz\/Sisi\"><strong>Fotky Sisinka<\/strong><\/a><\/p>\n<p style=\"text-align: center;\">\u00a0CMKU\/BOC\/4377\/10<\/p>\n<p style=\"text-align: center;\">HD A, \u00a0ED 0\/0,\u00a0\u00a0OCD free<\/p>\n<p style=\"text-align: center;\">DNA \u2013 CEA, CL, TNS \u2013 genotyp normal, \u00a0MDR 1 \u00a0+\/+<\/p>\n<p style=\"text-align: center;\">\u00a0PRA\/CEA n\/n \u00a0 \u00a0 \u00a0\u00a0Gonioscopy unaffected<\/p>\n<p style=\"text-align: center;\"><strong>Otec: <\/strong>Borderline Country Justinstyle \u201eDrake\u201c \u00a0 \u00a0 \u00a0 \u00a0 \u00a0 \u00a0<strong>Matka: <\/strong>Lorelyane Foxy Fox \u201eEly\u201c<\/p>\n<p style=\"text-align: center;\"><strong>Narozena:<\/strong> 5. 11. 2010 v Pardubic\u00edch<\/p>\n<p style=\"text-align: center;\"><strong>\u00damrt\u00ed:<\/strong> 25.08.2025 v \u0158\u00edkovic\u00edch<\/p>\n<p style=\"text-align: center;\"><strong>V\u00fdstavy:<\/strong><\/p>\n<p style=\"text-align: center;\">C.I.E. International Champion<\/p>\n<p style=\"text-align: center;\">Junior Champion CR<\/p>\n<p style=\"text-align: center;\">Grand Champion SK<\/p>\n<p style=\"text-align: center;\">Champion CRO<\/p>\n<p style=\"text-align: center;\">Champion PL<\/p>\n<p style=\"text-align: center;\">Champion SK<\/p>\n<p style=\"text-align: center;\">Champion Slovenia<\/p>\n<p style=\"text-align: center;\">Club champion BCCCZ<\/p>\n<p style=\"text-align: center;\">Victory Winner SK 2013<\/p>\n<p style=\"text-align: center;\">Club winner BCCCZ 2013<\/p>\n<p style=\"text-align: center;\">\u010dekatel \u0161ampiona \u00a0\u010cesk\u00e9ho, Slovinsk\u00e9ho, \u010cMKU<\/p>\n<p style=\"text-align: center;\">VP1,\u00a0Best puppy,\u00a0CAJC Pl, 2x CAJC Cz, CAJC Sk,<\/p>\n<p style=\"text-align: center;\">9x CAC Cz, 6x CAC SK, 4x CWC, 4x CAC CRO, 4x CAC CMKU, 2x CAC Slo, 2x r. CACA<\/p>\n<p style=\"text-align: center;\">9x r. CACIB, 5x CACIB, Best Female<\/p>\n<p style=\"text-align: center;\">BOB-J, 3x BOS, 3x BOB, BIG 3<\/p>\n<p style=\"text-align: center;\">Junior Winner Special Show Slovak Club, 3x National Winner<\/p>\n<p style=\"text-align: center;\"><strong>Seznam v\u00fdstav a zkou\u0161ek: <\/strong>\u00a0<a href=\"https:\/\/justinstyle.cz\/wp-content\/uploads\/2011\/09\/V\u00fdstavy-Sisinka1.xls\">Sisinka v\u00fdstavy a zkou\u0161ky<\/a><\/p>\n<p style=\"text-align: center;\"><strong>Zkou\u0161ky:<\/strong><\/p>\n<p style=\"text-align: center;\">OB-Z, ZZO, ZVOP, ZOP, ZPU 1, BH, F1, ZZO 1<\/p>\n<p style=\"text-align: center;\"><strong>Z\u00e1vody:<\/strong><\/p>\n<p style=\"text-align: center;\">2013 M\u010cR Praha \u2013 6. m\u00edsto dle OB-Z<\/p>\n<p style=\"text-align: center;\">2013 Ostrava T\u0159ebovice \u2013 4. m\u00edsto dle OB-Z<\/p>\n<p style=\"text-align: center;\">2012 OB Mo\u0161nov \u2013 11. m\u00edsto dle OB-Z<\/p>\n<p style=\"text-align: center;\">2012 M\u010cR BCCCZ dle OB \u2013 17. m\u00edsto dle OB-Z<\/p>\n<p style=\"text-align: center;\">Sisi je v na\u0161em t\u00fdmu prvn\u00ed fene\u010dka \u2013 vymodlen\u00e1, vysn\u011bn\u00e1, dlouho o\u010dek\u00e1van\u00e1. U\u017e kdy\u017e se narodila, vybrala si moj\u00ed dceru Verunku za svoj\u00ed \u017eivotn\u00ed m\u00e1mu a Verunka S\u00edsu za svoj\u00ed \u017eivotn\u00ed l\u00e1sku. A p\u0159es to, \u017ee jejich cesty se na\u010das roze\u0161ly, nakonec jsou p\u0159ece jen spolu. Bydl\u00ed spolu v Brn\u011b, spole\u010dnost jim d\u011bl\u00e1 mal\u00fd Qwispi \u2013 jork\u0161\u00edrek. \u00a0Sisi je dcera na\u0161eho \u201eDr\u00e1\u010dka\u201c \u00a0\u2013 Borderline Country Justinstyle \u2013 \u00a0a pod\u011bdila jeho b\u00e1je\u010dnou povahu \u2013 jemnou, nekonfliktn\u00ed, vst\u0159\u00edcnou a veselou. Pro za\u010d\u00e1tek se holky vrhly na v\u00fdstavi\u010dky a obedience. \u00a0V roce 2012 p\u0159id\u00e1vaj\u00ed pasen\u00ed ove\u010dek. S\u00edsa p\u0159ekvapila sv\u00fdm sebev\u011bdom\u00fdm p\u0159\u00edstupem a razanc\u00ed. Tohle by od \u201ePrcka\u201c asi \u010dekal m\u00e1lokdo. Porad\u00ed si klidn\u011b s men\u0161\u00edm i v\u011bt\u0161\u00edm st\u00e1dem.<\/p>\n<div id='gallery-1' class='gallery galleryid-1009 gallery-columns-3 gallery-size-thumbnail'><figure class='gallery-item'>\n\t\t\t<div class='gallery-icon landscape'>\n\t\t\t\t<a href='https:\/\/justinstyle.cz\/wp-content\/uploads\/2011\/09\/Sisinka_sed.jpg'><img loading=\"lazy\" decoding=\"async\" width=\"150\" height=\"150\" src=\"https:\/\/justinstyle.cz\/wp-content\/uploads\/2011\/09\/Sisinka_sed-150x150.jpg\" class=\"attachment-thumbnail size-thumbnail\" alt=\"\" \/><\/a>\n\t\t\t<\/div><\/figure><figure class='gallery-item'>\n\t\t\t<div class='gallery-icon landscape'>\n\t\t\t\t<a href='https:\/\/justinstyle.cz\/wp-content\/uploads\/2011\/09\/Sisinka_balonek.jpg'><img loading=\"lazy\" decoding=\"async\" width=\"150\" height=\"150\" src=\"https:\/\/justinstyle.cz\/wp-content\/uploads\/2011\/09\/Sisinka_balonek-150x150.jpg\" class=\"attachment-thumbnail size-thumbnail\" alt=\"\" \/><\/a>\n\t\t\t<\/div><\/figure><figure class='gallery-item'>\n\t\t\t<div class='gallery-icon landscape'>\n\t\t\t\t<a href='https:\/\/justinstyle.cz\/wp-content\/uploads\/2011\/09\/Sisinka_b\u011bh.jpg'><img loading=\"lazy\" decoding=\"async\" width=\"150\" height=\"150\" src=\"https:\/\/justinstyle.cz\/wp-content\/uploads\/2011\/09\/Sisinka_b\u011bh-150x150.jpg\" class=\"attachment-thumbnail size-thumbnail\" alt=\"\" \/><\/a>\n\t\t\t<\/div><\/figure><figure class='gallery-item'>\n\t\t\t<div class='gallery-icon landscape'>\n\t\t\t\t<a href='https:\/\/justinstyle.cz\/wp-content\/uploads\/2011\/09\/Sisi-16.jpg'><img loading=\"lazy\" decoding=\"async\" width=\"150\" height=\"150\" src=\"https:\/\/justinstyle.cz\/wp-content\/uploads\/2011\/09\/Sisi-16-150x150.jpg\" class=\"attachment-thumbnail size-thumbnail\" alt=\"\" \/><\/a>\n\t\t\t<\/div><\/figure><figure class='gallery-item'>\n\t\t\t<div class='gallery-icon landscape'>\n\t\t\t\t<a href='https:\/\/justinstyle.cz\/wp-content\/uploads\/2011\/09\/Sisi.jpg'><img loading=\"lazy\" decoding=\"async\" width=\"150\" height=\"150\" src=\"https:\/\/justinstyle.cz\/wp-content\/uploads\/2011\/09\/Sisi-150x150.jpg\" class=\"attachment-thumbnail size-thumbnail\" alt=\"\" \/><\/a>\n\t\t\t<\/div><\/figure><figure class='gallery-item'>\n\t\t\t<div class='gallery-icon landscape'>\n\t\t\t\t<a href='https:\/\/justinstyle.cz\/wp-content\/uploads\/2011\/09\/Sisi-WDS.jpg'><img loading=\"lazy\" decoding=\"async\" width=\"150\" height=\"150\" src=\"https:\/\/justinstyle.cz\/wp-content\/uploads\/2011\/09\/Sisi-WDS-150x150.jpg\" class=\"attachment-thumbnail size-thumbnail\" alt=\"\" \/><\/a>\n\t\t\t<\/div><\/figure><figure class='gallery-item'>\n\t\t\t<div class='gallery-icon portrait'>\n\t\t\t\t<a href='https:\/\/justinstyle.cz\/wp-content\/uploads\/2011\/09\/sisi-0-15.jpg'><img loading=\"lazy\" decoding=\"async\" width=\"150\" height=\"150\" src=\"https:\/\/justinstyle.cz\/wp-content\/uploads\/2011\/09\/sisi-0-15-150x150.jpg\" class=\"attachment-thumbnail size-thumbnail\" alt=\"\" \/><\/a>\n\t\t\t<\/div><\/figure><figure class='gallery-item'>\n\t\t\t<div class='gallery-icon landscape'>\n\t\t\t\t<a href='https:\/\/justinstyle.cz\/wp-content\/uploads\/2011\/09\/DSC042751.jpg'><img loading=\"lazy\" decoding=\"async\" width=\"150\" height=\"150\" src=\"https:\/\/justinstyle.cz\/wp-content\/uploads\/2011\/09\/DSC042751-150x150.jpg\" class=\"attachment-thumbnail size-thumbnail\" alt=\"\" \/><\/a>\n\t\t\t<\/div><\/figure><figure class='gallery-item'>\n\t\t\t<div class='gallery-icon landscape'>\n\t\t\t\t<a href='https:\/\/justinstyle.cz\/wp-content\/uploads\/2011\/09\/DSC04289.jpg'><img loading=\"lazy\" decoding=\"async\" width=\"150\" height=\"150\" src=\"https:\/\/justinstyle.cz\/wp-content\/uploads\/2011\/09\/DSC04289-150x150.jpg\" class=\"attachment-thumbnail size-thumbnail\" alt=\"\" \/><\/a>\n\t\t\t<\/div><\/figure>\n\t\t<\/div>\n\n<p><!--:--><!--:en--><\/p>\n<p><!--:--><\/p>\n","protected":false},"excerpt":{"rendered":"Unai Foxy Fox \u201eSisi\u201c chovn\u00e1 Unai Foxy Fox rodokmen Fotky Sisinka \u00a0CMKU\/BOC\/4377\/10 HD A, \u00a0ED 0\/0,\u00a0\u00a0OCD free DNA&hellip;\n","protected":false},"author":1,"featured_media":5010,"parent":4357,"menu_order":4,"comment_status":"closed","ping_status":"closed","template":"","meta":{"footnotes":""},"class_list":{"0":"post-1009","1":"page","2":"type-page","3":"status-publish","4":"has-post-thumbnail","6":"cs-entry","7":"cs-video-wrap"},"_links":{"self":[{"href":"https:\/\/justinstyle.cz\/index.php?rest_route=\/wp\/v2\/pages\/1009","targetHints":{"allow":["GET"]}}],"collection":[{"href":"https:\/\/justinstyle.cz\/index.php?rest_route=\/wp\/v2\/pages"}],"about":[{"href":"https:\/\/justinstyle.cz\/index.php?rest_route=\/wp\/v2\/types\/page"}],"author":[{"embeddable":true,"href":"https:\/\/justinstyle.cz\/index.php?rest_route=\/wp\/v2\/users\/1"}],"replies":[{"embeddable":true,"href":"https:\/\/justinstyle.cz\/index.php?rest_route=%2Fwp%2Fv2%2Fcomments&post=1009"}],"version-history":[{"count":126,"href":"https:\/\/justinstyle.cz\/index.php?rest_route=\/wp\/v2\/pages\/1009\/revisions"}],"predecessor-version":[{"id":5011,"href":"https:\/\/justinstyle.cz\/index.php?rest_route=\/wp\/v2\/pages\/1009\/revisions\/5011"}],"up":[{"embeddable":true,"href":"https:\/\/justinstyle.cz\/index.php?rest_route=\/wp\/v2\/pages\/4357"}],"wp:featuredmedia":[{"embeddable":true,"href":"https:\/\/justinstyle.cz\/index.php?rest_route=\/wp\/v2\/media\/5010"}],"wp:attachment":[{"href":"https:\/\/justinstyle.cz\/index.php?rest_route=%2Fwp%2Fv2%2Fmedia&parent=1009"}],"curies":[{"name":"wp","href":"https:\/\/api.w.org\/{rel}","templated":true}]}}