{"id":13,"date":"2010-02-25T10:48:20","date_gmt":"2010-02-25T09:48:20","guid":{"rendered":"https:\/\/justinstyle.cz\/?page_id=13"},"modified":"2022-02-08T19:35:35","modified_gmt":"2022-02-08T18:35:35","slug":"berry","status":"publish","type":"page","link":"https:\/\/justinstyle.cz\/?page_id=13","title":{"rendered":"Berry Blue Foxy Fox"},"content":{"rendered":"<h1 id=\"berry-blue-foxy-fox-berry\" style=\"text-align: center;\">Berry Blue Foxy Fox \u201eBerry\u201c<\/h1>\n<h2 id=\"7-5-2001-27-8-2012\" style=\"text-align: center;\"><strong>7.5.2001 \u00a0\u2013 \u00a027. 8. 2012<\/strong><\/h2>\n<p><a href=\"https:\/\/justinstyle.cz\/wp-content\/uploads\/2012\/08\/523164_3331121528270_2054221633_n.jpg\"><img loading=\"lazy\" decoding=\"async\" class=\"wp-image-1828 size-medium aligncenter\" src=\"https:\/\/justinstyle.cz\/wp-content\/uploads\/2012\/08\/523164_3331121528270_2054221633_n-300x214.jpg\" alt=\"\" width=\"300\" height=\"214\" srcset=\"https:\/\/justinstyle.cz\/wp-content\/uploads\/2012\/08\/523164_3331121528270_2054221633_n-300x214.jpg 300w, https:\/\/justinstyle.cz\/wp-content\/uploads\/2012\/08\/523164_3331121528270_2054221633_n.jpg 915w\" sizes=\"auto, (max-width: 300px) 100vw, 300px\" \/><\/a><\/p>\n<h3 id=\"berry-blue-foxy-fox-pedigree-rodokmen\" style=\"text-align: center;\">Berry Blue Foxy Fox pedigree\/rodokmen<\/h3>\n<p style=\"text-align: center;\">DKK 0\/0 \u00a0 \u00a0 PRA\/CEA n\/n \u00a0 \u00a0 \u00a0 DNA CEA, TNS \u2013 genotyp normal<\/p>\n<p style=\"text-align: center;\">Gonioscopy unaffected<strong><br \/>\n<\/strong><\/p>\n<p style=\"text-align: center;\"><strong>CMKU\/BOC\/309\/01\/02<\/strong><\/p>\n<p style=\"text-align: center;\"><strong>otec:<\/strong>\u00a0Wendevick Usecasper \u00a0 \u00a0 \u00a0 \u00a0 \u00a0 \u00a0\u00a0<strong>matka:<\/strong>\u00a0Daryl Bohemia Alk\u00e9<\/p>\n<p style=\"text-align: center;\"><strong>narozen:<\/strong> 07.05.2001 v Pardubic\u00edch<\/p>\n<p style=\"text-align: center;\">Champion CR, Champion SK, Club Champion BCCCZ<\/p>\n<p style=\"text-align: center;\">Veteran Champion CR, Veteran Champion\u00a0SK<\/p>\n<p style=\"text-align: center;\">Best Of King Veteran 2011<\/p>\n<p style=\"text-align: center;\">Club Winner, Regional Winner, BOG veteran 2011<\/p>\n<p style=\"text-align: center;\">Seznam v\u00fdstav a zkou\u0161ek:\u00a0<a href=\"https:\/\/justinstyle.cz\/wp-content\/uploads\/2012\/02\/V\u00fdstavy-Berousek-Excel-97.xls\"><strong>V\u00fdstavy Berousek Excel 97<\/strong><\/a><\/p>\n<p style=\"text-align: center;\"><strong>Zkou\u0161ky:<\/strong><\/p>\n<p style=\"text-align: center;\">ZOP, ZPU1, ZZO, BH, ZVOP, ZVV1<\/p>\n<p style=\"text-align: center;\">Canisterapeutick\u00e1 zkou\u0161ka (od roku 2004 dosud pracuje v M\u0160 P\u0159erov)<\/p>\n<p style=\"text-align: center;\"><strong>Z\u00e1vody:<\/strong><\/p>\n<p style=\"text-align: center;\">2009 Triatlon\u00a0 St\u00e9blov\u00e1 \u2013 9. m\u00edsto \u2013 nejstar\u0161\u00ed ps\u00ed \u00fa\u010dastn\u00edk<\/p>\n<p style=\"text-align: center;\">2005\u00a0 Klubov\u00fd z\u00e1vod \u2013 1. m\u00edsto dle ZM<\/p>\n<p style=\"text-align: center;\">2004 \u2013 Klubov\u00fd z\u00e1vod \u2013 2 m\u00edsto dle ZZO<\/p>\n<p style=\"text-align: center;\"><strong><a href=\"http:\/\/ffbi.rajce.idnes.cz\/Canisterapie\/\">Fotky Canisterapie<\/a><\/strong><\/p>\n<p style=\"text-align: center;\"><strong><a href=\"http:\/\/ffbi.rajce.idnes.cz\/Berry_vystavy\/\">Berry v\u00fdstavy<\/a><\/strong><\/p>\n<p style=\"text-align: center;\"><a href=\"http:\/\/ffbi.rajce.idnes.cz\/Berry_cviceni\/\"><strong>Berry cvi\u010den\u00ed<\/strong><\/a><\/p>\n<p style=\"text-align: center;\">Berousek je prvn\u00ed border\u00e1\u010dek, kter\u00e9ho jsem si po\u0159\u00eddila. Sedli jsme k sob\u011b jak povahami, tak p\u0159\u00edstupem k \u017eivotu, otev\u0159el mi nov\u00e9 obzory a vzbudil l\u00e1sku jak k borderk\u00e1m, tak ke sportovn\u00ed kynologii, k v\u00fdstav\u00e1m. Berry m\u00e1 klasickou, border\u010d\u00ed povahu. Je velice pracovit\u00fd a ob\u011btav\u00fd. V\u00a0podstat\u011b je mu jedno o jakou pr\u00e1ci se jedn\u00e1, hlavn\u011b, \u017ee je j\u00ed hodn\u011b. Bav\u00ed ho prost\u011b \u00fapln\u011b v\u0161echno. Berry je tak\u00e9 velice chytr\u00fd pes a nejrad\u011bji pracuje samostatn\u011b. Prost\u011b mu sta\u010d\u00ed zadat \u00fakol a proveden\u00ed nechat na n\u011bm samotn\u00e9m. N\u011bkdy je to obrovsk\u00e1 v\u00fdhoda, hlavn\u011b p\u0159i pr\u00e1ci\u00a0ve \u0161kolce. N\u011bkdy, kdy\u017e se mi sna\u017e\u00ed \u201enap\u00e1st\u201c k\u00a0noh\u00e1m n\u011bjak\u00e9 zv\u00ed\u0159\u00e1tko, a\u017e tak nad\u0161en\u00e1 nejsem. Ale co je na Berouskovi nejlep\u0161\u00ed, je jeho l\u00e1ska k\u00a0pani\u010dce. V\u00ed naprosto p\u0159esn\u011b, jakou m\u00e1m n\u00e1ladu, jak\u00fd dal\u0161\u00ed krok ud\u011bl\u00e1m. Naladil se na moj\u00ed vlnovou d\u00e9lku a \u017eije si pohodov\u00fd \u017eivot v\u00a0m\u00e9m st\u00ednu.<\/p>\n<p style=\"text-align: center;\">Zcela ne\u010dekan\u011b, koncem srpna 2012, n\u00e1s Berousek opustil. Nebyl zdaleka je\u0161t\u011b \u010das na lou\u010den\u00ed, nebyl d\u016fvod, nebyli jsme p\u0159ipraveni. Z\u016fstala pr\u00e1zdnota a bolest.<\/p>\n<div id='gallery-1' class='gallery galleryid-13 gallery-columns-3 gallery-size-thumbnail'><figure class='gallery-item'>\n\t\t\t<div class='gallery-icon landscape'>\n\t\t\t\t<a href='https:\/\/justinstyle.cz\/wp-content\/uploads\/2020\/11\/DSC00879.jpg'><img loading=\"lazy\" decoding=\"async\" width=\"150\" height=\"150\" src=\"https:\/\/justinstyle.cz\/wp-content\/uploads\/2020\/11\/DSC00879-150x150.jpg\" class=\"attachment-thumbnail size-thumbnail\" alt=\"\" \/><\/a>\n\t\t\t<\/div><\/figure><figure class='gallery-item'>\n\t\t\t<div class='gallery-icon landscape'>\n\t\t\t\t<a href='https:\/\/justinstyle.cz\/wp-content\/uploads\/2020\/11\/DSC02792.jpg'><img loading=\"lazy\" decoding=\"async\" width=\"150\" height=\"150\" src=\"https:\/\/justinstyle.cz\/wp-content\/uploads\/2020\/11\/DSC02792-150x150.jpg\" class=\"attachment-thumbnail size-thumbnail\" alt=\"\" \/><\/a>\n\t\t\t<\/div><\/figure><figure class='gallery-item'>\n\t\t\t<div class='gallery-icon landscape'>\n\t\t\t\t<a href='https:\/\/justinstyle.cz\/wp-content\/uploads\/2020\/11\/DSC03380.jpg'><img loading=\"lazy\" decoding=\"async\" width=\"150\" height=\"150\" src=\"https:\/\/justinstyle.cz\/wp-content\/uploads\/2020\/11\/DSC03380-150x150.jpg\" class=\"attachment-thumbnail size-thumbnail\" alt=\"\" \/><\/a>\n\t\t\t<\/div><\/figure><figure class='gallery-item'>\n\t\t\t<div class='gallery-icon landscape'>\n\t\t\t\t<a href='https:\/\/justinstyle.cz\/wp-content\/uploads\/2020\/11\/Berry-5.jpg'><img loading=\"lazy\" decoding=\"async\" width=\"150\" height=\"150\" src=\"https:\/\/justinstyle.cz\/wp-content\/uploads\/2020\/11\/Berry-5-150x150.jpg\" class=\"attachment-thumbnail size-thumbnail\" alt=\"\" \/><\/a>\n\t\t\t<\/div><\/figure><figure class='gallery-item'>\n\t\t\t<div class='gallery-icon landscape'>\n\t\t\t\t<a href='https:\/\/justinstyle.cz\/wp-content\/uploads\/2020\/11\/DSC00948.jpg'><img loading=\"lazy\" decoding=\"async\" width=\"150\" height=\"150\" src=\"https:\/\/justinstyle.cz\/wp-content\/uploads\/2020\/11\/DSC00948-150x150.jpg\" class=\"attachment-thumbnail size-thumbnail\" alt=\"\" \/><\/a>\n\t\t\t<\/div><\/figure><figure class='gallery-item'>\n\t\t\t<div class='gallery-icon portrait'>\n\t\t\t\t<a href='https:\/\/justinstyle.cz\/wp-content\/uploads\/2020\/11\/DSC007401-scaled.jpg'><img loading=\"lazy\" decoding=\"async\" width=\"150\" height=\"150\" src=\"https:\/\/justinstyle.cz\/wp-content\/uploads\/2020\/11\/DSC007401-150x150.jpg\" class=\"attachment-thumbnail size-thumbnail\" alt=\"\" \/><\/a>\n\t\t\t<\/div><\/figure><figure class='gallery-item'>\n\t\t\t<div class='gallery-icon landscape'>\n\t\t\t\t<a href='https:\/\/justinstyle.cz\/wp-content\/uploads\/2010\/02\/DSC03112.jpg'><img loading=\"lazy\" decoding=\"async\" width=\"150\" height=\"150\" src=\"https:\/\/justinstyle.cz\/wp-content\/uploads\/2010\/02\/DSC03112-150x150.jpg\" class=\"attachment-thumbnail size-thumbnail\" alt=\"\" \/><\/a>\n\t\t\t<\/div><\/figure><figure class='gallery-item'>\n\t\t\t<div class='gallery-icon landscape'>\n\t\t\t\t<a href='https:\/\/justinstyle.cz\/wp-content\/uploads\/2012\/02\/Berry_3.jpg'><img loading=\"lazy\" decoding=\"async\" width=\"150\" height=\"150\" src=\"https:\/\/justinstyle.cz\/wp-content\/uploads\/2012\/02\/Berry_3-150x150.jpg\" class=\"attachment-thumbnail size-thumbnail\" alt=\"\" \/><\/a>\n\t\t\t<\/div><\/figure><figure class='gallery-item'>\n\t\t\t<div class='gallery-icon landscape'>\n\t\t\t\t<a href='https:\/\/justinstyle.cz\/wp-content\/uploads\/2012\/02\/berry-14.jpg'><img loading=\"lazy\" decoding=\"async\" width=\"150\" height=\"150\" src=\"https:\/\/justinstyle.cz\/wp-content\/uploads\/2012\/02\/berry-14-150x150.jpg\" class=\"attachment-thumbnail size-thumbnail\" alt=\"\" \/><\/a>\n\t\t\t<\/div><\/figure>\n\t\t<\/div>\n\n","protected":false},"excerpt":{"rendered":"Berry Blue Foxy Fox \u201eBerry\u201c 7.5.2001 \u00a0\u2013 \u00a027. 8. 2012 Berry Blue Foxy Fox pedigree\/rodokmen DKK 0\/0 \u00a0&hellip;\n","protected":false},"author":1,"featured_media":4291,"parent":8,"menu_order":1,"comment_status":"closed","ping_status":"closed","template":"","meta":{"footnotes":""},"class_list":{"0":"post-13","1":"page","2":"type-page","3":"status-publish","4":"has-post-thumbnail","6":"cs-entry","7":"cs-video-wrap"},"_links":{"self":[{"href":"https:\/\/justinstyle.cz\/index.php?rest_route=\/wp\/v2\/pages\/13","targetHints":{"allow":["GET"]}}],"collection":[{"href":"https:\/\/justinstyle.cz\/index.php?rest_route=\/wp\/v2\/pages"}],"about":[{"href":"https:\/\/justinstyle.cz\/index.php?rest_route=\/wp\/v2\/types\/page"}],"author":[{"embeddable":true,"href":"https:\/\/justinstyle.cz\/index.php?rest_route=\/wp\/v2\/users\/1"}],"replies":[{"embeddable":true,"href":"https:\/\/justinstyle.cz\/index.php?rest_route=%2Fwp%2Fv2%2Fcomments&post=13"}],"version-history":[{"count":95,"href":"https:\/\/justinstyle.cz\/index.php?rest_route=\/wp\/v2\/pages\/13\/revisions"}],"predecessor-version":[{"id":4748,"href":"https:\/\/justinstyle.cz\/index.php?rest_route=\/wp\/v2\/pages\/13\/revisions\/4748"}],"up":[{"embeddable":true,"href":"https:\/\/justinstyle.cz\/index.php?rest_route=\/wp\/v2\/pages\/8"}],"wp:featuredmedia":[{"embeddable":true,"href":"https:\/\/justinstyle.cz\/index.php?rest_route=\/wp\/v2\/media\/4291"}],"wp:attachment":[{"href":"https:\/\/justinstyle.cz\/index.php?rest_route=%2Fwp%2Fv2%2Fmedia&parent=13"}],"curies":[{"name":"wp","href":"https:\/\/api.w.org\/{rel}","templated":true}]}}