{"id":15,"date":"2010-02-25T10:48:36","date_gmt":"2010-02-25T09:48:36","guid":{"rendered":"https:\/\/justinstyle.cz\/?page_id=15"},"modified":"2022-02-08T19:35:55","modified_gmt":"2022-02-08T18:35:55","slug":"aja","status":"publish","type":"page","link":"https:\/\/justinstyle.cz\/?page_id=15","title":{"rendered":"Ivanhoe Foxy Fox"},"content":{"rendered":"<h1 id=\"ivanhoe-foxy-fox-aja\" style=\"text-align: center;\">Ivanhoe Foxy Fox \u201eAja\u201c<\/h1>\n<h3 id=\"23-12-2004-8-11-2018\" style=\"text-align: center;\">23. 12. 2004 \u2013 8. 11. 2018<\/h3>\n<p style=\"text-align: center;\"><a href=\"https:\/\/justinstyle.cz\/wp-content\/uploads\/2018\/11\/Aja.png\"><img loading=\"lazy\" decoding=\"async\" class=\"size-medium wp-image-4067 aligncenter\" src=\"https:\/\/justinstyle.cz\/wp-content\/uploads\/2018\/11\/Aja-300x173.png\" alt=\"\" width=\"300\" height=\"173\" srcset=\"https:\/\/justinstyle.cz\/wp-content\/uploads\/2018\/11\/Aja-300x173.png 300w, https:\/\/justinstyle.cz\/wp-content\/uploads\/2018\/11\/Aja-768x442.png 768w, https:\/\/justinstyle.cz\/wp-content\/uploads\/2018\/11\/Aja-1024x590.png 1024w, https:\/\/justinstyle.cz\/wp-content\/uploads\/2018\/11\/Aja.png 1264w\" sizes=\"auto, (max-width: 300px) 100vw, 300px\" \/><\/a><\/p>\n<h2 id=\"chovny\" style=\"text-align: center;\"><strong>chovn\u00fd<\/strong><\/h2>\n<h3 id=\"ivanhoe-foxy-fox-rodokmen\" style=\"text-align: center;\"><a href=\"http:\/\/www.bcccz.cz\/gen\/genealogie.php?gPage=1&gSearch=&gCmku=1&gNameT=0&gName=ivan&gAct=detail&ID=1151\">Ivanhoe Foxy Fox rodokmen<\/a><\/h3>\n<p style=\"text-align: center;\">DKK 1\/1 \u00a0 \u00a0 PRA\/CEA n\/n \u00a0 \u00a0 \u00a0 DNA CEA, TNS \u2013 genotyp normal<\/p>\n<p style=\"text-align: center;\">Gonioscopy unaffected<\/p>\n<p style=\"text-align: center;\">CMKU\/BOC\/1158\/04\/06<\/p>\n<p style=\"text-align: center;\"><strong>otec:<\/strong>\u00a0Borderline Country Tornado \u00a0 \u00a0 \u00a0 \u00a0 \u00a0 \u00a0\u00a0<strong>matka:<\/strong>\u00a0Daryl Bohemia Alk\u00e9<\/p>\n<p style=\"text-align: center;\"><strong>narozen:<\/strong> 23. 12. 2004 v Pardubic\u00edch<\/p>\n<div style=\"text-align: center;\">Inter\u00a0Champion C.I.B.<\/div>\n<p style=\"text-align: center;\">Champion CR, Champion SR, Champion PL,\u00a0Club Champion BCCCZ<\/p>\n<p style=\"text-align: center;\">Veteran champion SK, CR<\/p>\n<p style=\"text-align: center;\">BOB, 2x CACIB, National Winber, 2x BOV, shortlisted for BIS Veteran, Club veteran winner SK, 2x veteran winner SK<\/p>\n<p style=\"text-align: center;\"><strong>Seznam v\u00fdstav a zkou\u0161ek:<\/strong> \u00a0\u00a0<a href=\"https:\/\/justinstyle.cz\/wp-content\/uploads\/2010\/02\/V\u00fdstavy-Ajv\u00ed\u010dek-Excel-973.xls\"><strong>Aja v\u00fdstavy a zkou\u0161ky<\/strong><\/a><\/p>\n<p style=\"text-align: center;\"><strong>Zkou\u0161ky:<\/strong><\/p>\n<p style=\"text-align: center;\">ZVOP, ZOP, ZPU1, ZPU2, BH,\u00a0IPO-V, FPr1, FPr2, FPr3, ZVV1, OB-Z, OB-1<\/p>\n<p style=\"text-align: center;\"><strong>Z\u00e1vody:<\/strong><\/p>\n<p style=\"text-align: center;\">2013 OB Z\u00e1vod Ostrava T\u0159ebovice \u2013 4. m\u00edsto OB-1<\/p>\n<p style=\"text-align: center;\">2012 OB Z\u00e1vod Mo\u0161nov \u2013 3. M\u00edsto OB-Z<\/p>\n<p style=\"text-align: center;\">2009 V\u00e1no\u010dn\u00ed klubov\u00fd z\u00e1vod \u2013 2. m\u00edsto dle ZVV1<\/p>\n<p style=\"text-align: center;\">2006 Klubov\u00fd z\u00e1vod \u2013 4. m\u00edsto dle\u00a0 ZZO<\/p>\n<p style=\"text-align: center;\">2005\u00a0 Klubov\u00fd z\u00e1vod \u2013 4. m\u00edsto dle ZZO<\/p>\n<p style=\"text-align: center;\"><strong><a href=\"http:\/\/ffbi.rajce.idnes.cz\/Aja_vystavy\/\">Ajka v\u00fdstavy<\/a><\/strong><\/p>\n<p style=\"text-align: center;\"><strong><a href=\"http:\/\/ffbi.rajce.idnes.cz\/Aja_cviceni\/\">Aja cvi\u010den\u00ed<\/a><\/strong><\/p>\n<p style=\"text-align: center;\"><strong><a href=\"http:\/\/ffbi.rajce.idnes.cz\/Aja\/\">Ajv\u00ed\u010dek<\/a> <\/strong><\/p>\n<p style=\"text-align: center;\">Aja, Ajka, J\u00e1ja p\u0159i\u0161el do na\u0161\u00ed rodinky v dob\u011b, kdy Berousek m\u011bl u\u017e skoro 4 roky. Ajk\u016fv \u017eivot je od prvn\u00ed chv\u00edle u n\u00e1s divok\u00fd, \u017eiveln\u00fd, vesel\u00fd, hlu\u010dn\u00fd, miluj\u00edc\u00ed, sam\u00fd pr\u016f\u0161vih zp\u016fsoben\u00fd neuv\u011b\u0159iteln\u00fdm temperamentem. P\u0159itom je na druhou stranu schopn\u00fd absolutn\u00edho soust\u0159ed\u011bn\u00ed na pr\u00e1ci. P\u0159i vypracov\u00e1n\u00ed stopy je a\u017e neuv\u011b\u0159iteln\u011b klidn\u00fd, pe\u010dliv\u00fd, samostatn\u00fd. Podobn\u00e9 je to u obran. V\u00fdraznou Ajkovou vlastnost\u00ed je \u201e\u0159editelov\u00e1n\u00ed\u201c. Spolu s \u201emaminkou\u201c stanov\u00ed pravidla a ta jsou u\u017e nav\u017edy dan\u00e1, donut\u00ed k jejich dodr\u017eov\u00e1n\u00ed celou ps\u00ed sme\u010dku (v\u010detn\u011b lidsk\u00e9 \u010d\u00e1sti)\u00a0 a s oblibou kontroluje jejich pln\u011bn\u00ed. Aja je neust\u00e1le v dobr\u00e9 n\u00e1lad\u011b, neust\u00e1le bav\u00ed v\u0161echny kolem sebe sv\u00fdmi srandi\u010dkami a vychyt\u00e1vkami, Aja a \u010dert nikdy nesp\u00ed. Nezastra\u0161\u00ed ho nikdo, nic a nikdy. Svoj\u00ed \u201emaminku\u201c miluje a\u017e za hrob, neust\u00e1le mus\u00ed b\u00fdt v jej\u00ed bl\u00edzkosti, dot\u00fdkat se j\u00ed, podobn\u00fdm zp\u016fsobem miluje Berouska, velk\u00e9ho a chytr\u00e9ho br\u00e1chu.<\/p>\n<p style=\"text-align: center;\">Zcela n\u00e1hodou jsem se s Ajou v jeho 7mi letech pustila do pasen\u00ed ove\u010dek. \u0160koda, \u017ee a\u017e tak pozd\u011b. On se m\u011bl na pastv\u011b narodit a pro\u017e\u00edt zde cel\u00fd \u017eivot. Je jemn\u00fd, klidn\u00fd, poslu\u0161n\u00fd. Prost\u011b Aja v\u017edycky p\u0159ekvap\u00ed, tentokr\u00e1t skute\u010dn\u011b velmi p\u0159\u00edjemn\u011b.<\/p>\n<p style=\"text-align: center;\">V sou\u010dasn\u00e9 dob\u011b je z na\u0161eho pekeln\u00ed\u010dka veter\u00e1n, no, sp\u00ed\u0161 d\u011bdek prudi\u010d. Po ztr\u00e1t\u011b milovan\u00e9ho br\u00e1\u0161ky Berouska se mu zhroutil cel\u00fd sv\u011bt a za\u010daly zdravotn\u00ed probl\u00e9my. Sna\u017e\u00edme se, bojujeme, Aj\u00edk prod\u011blal n\u011bkolik operac\u00ed, jezd\u00edme na dornovku do Brna k \u00fa\u017easn\u00e9 pan\u00ed doktorce. I p\u0159es tyto zdravotn\u00ed komplikace je Aja st\u00e1le sv\u016fj, s\u00e1m pr\u016f\u0161vih, sam\u00e1 \u201evesel\u00e1\u201c p\u0159\u00edhoda. Tak snad n\u00e1m to zdrav\u00ed\u010dko bude je\u0161t\u011b hoooodn\u011b dlouho slou\u017eit!!!!<\/p>\n<div id='gallery-1' class='gallery galleryid-15 gallery-columns-3 gallery-size-thumbnail'><figure class='gallery-item'>\n\t\t\t<div class='gallery-icon landscape'>\n\t\t\t\t<a href='https:\/\/justinstyle.cz\/wp-content\/uploads\/2020\/11\/Aja-BOB2.jpg'><img loading=\"lazy\" decoding=\"async\" width=\"150\" height=\"150\" src=\"https:\/\/justinstyle.cz\/wp-content\/uploads\/2020\/11\/Aja-BOB2-150x150.jpg\" class=\"attachment-thumbnail size-thumbnail\" alt=\"\" srcset=\"https:\/\/justinstyle.cz\/wp-content\/uploads\/2020\/11\/Aja-BOB2-150x150.jpg 150w, https:\/\/justinstyle.cz\/wp-content\/uploads\/2020\/11\/Aja-BOB2-80x80.jpg 80w, https:\/\/justinstyle.cz\/wp-content\/uploads\/2020\/11\/Aja-BOB2-960x960.jpg 960w\" sizes=\"auto, (max-width: 150px) 100vw, 150px\" \/><\/a>\n\t\t\t<\/div><\/figure><figure class='gallery-item'>\n\t\t\t<div class='gallery-icon landscape'>\n\t\t\t\t<a href='https:\/\/justinstyle.cz\/wp-content\/uploads\/2020\/11\/DSC_4778-scaled.jpg'><img loading=\"lazy\" decoding=\"async\" width=\"150\" height=\"150\" src=\"https:\/\/justinstyle.cz\/wp-content\/uploads\/2020\/11\/DSC_4778-150x150.jpg\" class=\"attachment-thumbnail size-thumbnail\" alt=\"\" srcset=\"https:\/\/justinstyle.cz\/wp-content\/uploads\/2020\/11\/DSC_4778-150x150.jpg 150w, https:\/\/justinstyle.cz\/wp-content\/uploads\/2020\/11\/DSC_4778-80x80.jpg 80w, https:\/\/justinstyle.cz\/wp-content\/uploads\/2020\/11\/DSC_4778-960x960.jpg 960w\" sizes=\"auto, (max-width: 150px) 100vw, 150px\" \/><\/a>\n\t\t\t<\/div><\/figure><figure class='gallery-item'>\n\t\t\t<div class='gallery-icon landscape'>\n\t\t\t\t<a href='https:\/\/justinstyle.cz\/wp-content\/uploads\/2020\/11\/Aja-obrany.jpg'><img loading=\"lazy\" decoding=\"async\" width=\"150\" height=\"150\" src=\"https:\/\/justinstyle.cz\/wp-content\/uploads\/2020\/11\/Aja-obrany-150x150.jpg\" class=\"attachment-thumbnail size-thumbnail\" alt=\"\" srcset=\"https:\/\/justinstyle.cz\/wp-content\/uploads\/2020\/11\/Aja-obrany-150x150.jpg 150w, https:\/\/justinstyle.cz\/wp-content\/uploads\/2020\/11\/Aja-obrany-80x80.jpg 80w\" sizes=\"auto, (max-width: 150px) 100vw, 150px\" \/><\/a>\n\t\t\t<\/div><\/figure><figure class='gallery-item'>\n\t\t\t<div class='gallery-icon landscape'>\n\t\t\t\t<a href='https:\/\/justinstyle.cz\/wp-content\/uploads\/2020\/11\/DSC00024.jpg'><img loading=\"lazy\" decoding=\"async\" width=\"150\" height=\"150\" src=\"https:\/\/justinstyle.cz\/wp-content\/uploads\/2020\/11\/DSC00024-150x150.jpg\" class=\"attachment-thumbnail size-thumbnail\" alt=\"\" srcset=\"https:\/\/justinstyle.cz\/wp-content\/uploads\/2020\/11\/DSC00024-150x150.jpg 150w, https:\/\/justinstyle.cz\/wp-content\/uploads\/2020\/11\/DSC00024-80x80.jpg 80w\" sizes=\"auto, (max-width: 150px) 100vw, 150px\" \/><\/a>\n\t\t\t<\/div><\/figure><figure class='gallery-item'>\n\t\t\t<div class='gallery-icon landscape'>\n\t\t\t\t<a href='https:\/\/justinstyle.cz\/wp-content\/uploads\/2020\/11\/aja.jpg'><img loading=\"lazy\" decoding=\"async\" width=\"150\" height=\"150\" src=\"https:\/\/justinstyle.cz\/wp-content\/uploads\/2020\/11\/aja-150x150.jpg\" class=\"attachment-thumbnail size-thumbnail\" alt=\"\" srcset=\"https:\/\/justinstyle.cz\/wp-content\/uploads\/2020\/11\/aja-150x150.jpg 150w, https:\/\/justinstyle.cz\/wp-content\/uploads\/2020\/11\/aja-80x80.jpg 80w, https:\/\/justinstyle.cz\/wp-content\/uploads\/2020\/11\/aja-960x960.jpg 960w\" sizes=\"auto, (max-width: 150px) 100vw, 150px\" \/><\/a>\n\t\t\t<\/div><\/figure><figure class='gallery-item'>\n\t\t\t<div class='gallery-icon landscape'>\n\t\t\t\t<a href='https:\/\/justinstyle.cz\/wp-content\/uploads\/2020\/11\/Aja-a-Tomi-3.jpg'><img loading=\"lazy\" decoding=\"async\" width=\"150\" height=\"150\" src=\"https:\/\/justinstyle.cz\/wp-content\/uploads\/2020\/11\/Aja-a-Tomi-3-150x150.jpg\" class=\"attachment-thumbnail size-thumbnail\" alt=\"\" srcset=\"https:\/\/justinstyle.cz\/wp-content\/uploads\/2020\/11\/Aja-a-Tomi-3-150x150.jpg 150w, https:\/\/justinstyle.cz\/wp-content\/uploads\/2020\/11\/Aja-a-Tomi-3-80x80.jpg 80w\" sizes=\"auto, (max-width: 150px) 100vw, 150px\" \/><\/a>\n\t\t\t<\/div><\/figure><figure class='gallery-item'>\n\t\t\t<div class='gallery-icon landscape'>\n\t\t\t\t<a href='https:\/\/justinstyle.cz\/wp-content\/uploads\/2012\/02\/Aja_3.jpg'><img loading=\"lazy\" decoding=\"async\" width=\"150\" height=\"150\" src=\"https:\/\/justinstyle.cz\/wp-content\/uploads\/2012\/02\/Aja_3-150x150.jpg\" class=\"attachment-thumbnail size-thumbnail\" alt=\"\" \/><\/a>\n\t\t\t<\/div><\/figure><figure class='gallery-item'>\n\t\t\t<div class='gallery-icon landscape'>\n\t\t\t\t<a href='https:\/\/justinstyle.cz\/wp-content\/uploads\/2012\/01\/IMG_9400.jpg'><img loading=\"lazy\" decoding=\"async\" width=\"150\" height=\"150\" src=\"https:\/\/justinstyle.cz\/wp-content\/uploads\/2012\/01\/IMG_9400-150x150.jpg\" class=\"attachment-thumbnail size-thumbnail\" alt=\"\" \/><\/a>\n\t\t\t<\/div><\/figure><figure class='gallery-item'>\n\t\t\t<div class='gallery-icon portrait'>\n\t\t\t\t<a href='https:\/\/justinstyle.cz\/wp-content\/uploads\/2011\/10\/Aja.jpg'><img loading=\"lazy\" decoding=\"async\" width=\"150\" height=\"150\" src=\"https:\/\/justinstyle.cz\/wp-content\/uploads\/2011\/10\/Aja-150x150.jpg\" class=\"attachment-thumbnail size-thumbnail\" alt=\"\" \/><\/a>\n\t\t\t<\/div><\/figure>\n\t\t<\/div>\n\n<p><!--:--><!--:en--><\/p>\n<p><!--:--><\/p>\n","protected":false},"excerpt":{"rendered":"Ivanhoe Foxy Fox \u201eAja\u201c 23. 12. 2004 \u2013 8. 11. 2018 chovn\u00fd Ivanhoe Foxy Fox rodokmen DKK 1\/1&hellip;\n","protected":false},"author":1,"featured_media":4463,"parent":8,"menu_order":2,"comment_status":"closed","ping_status":"closed","template":"","meta":{"footnotes":""},"class_list":{"0":"post-15","1":"page","2":"type-page","3":"status-publish","4":"has-post-thumbnail","6":"cs-entry","7":"cs-video-wrap"},"_links":{"self":[{"href":"https:\/\/justinstyle.cz\/index.php?rest_route=\/wp\/v2\/pages\/15","targetHints":{"allow":["GET"]}}],"collection":[{"href":"https:\/\/justinstyle.cz\/index.php?rest_route=\/wp\/v2\/pages"}],"about":[{"href":"https:\/\/justinstyle.cz\/index.php?rest_route=\/wp\/v2\/types\/page"}],"author":[{"embeddable":true,"href":"https:\/\/justinstyle.cz\/index.php?rest_route=\/wp\/v2\/users\/1"}],"replies":[{"embeddable":true,"href":"https:\/\/justinstyle.cz\/index.php?rest_route=%2Fwp%2Fv2%2Fcomments&post=15"}],"version-history":[{"count":79,"href":"https:\/\/justinstyle.cz\/index.php?rest_route=\/wp\/v2\/pages\/15\/revisions"}],"predecessor-version":[{"id":4749,"href":"https:\/\/justinstyle.cz\/index.php?rest_route=\/wp\/v2\/pages\/15\/revisions\/4749"}],"up":[{"embeddable":true,"href":"https:\/\/justinstyle.cz\/index.php?rest_route=\/wp\/v2\/pages\/8"}],"wp:featuredmedia":[{"embeddable":true,"href":"https:\/\/justinstyle.cz\/index.php?rest_route=\/wp\/v2\/media\/4463"}],"wp:attachment":[{"href":"https:\/\/justinstyle.cz\/index.php?rest_route=%2Fwp%2Fv2%2Fmedia&parent=15"}],"curies":[{"name":"wp","href":"https:\/\/api.w.org\/{rel}","templated":true}]}}