{"id":4348,"date":"2020-11-25T20:33:02","date_gmt":"2020-11-25T19:33:02","guid":{"rendered":"https:\/\/justinstyle.cz\/?page_id=4348"},"modified":"2025-01-05T14:13:23","modified_gmt":"2025-01-05T13:13:23","slug":"main","status":"publish","type":"page","link":"https:\/\/justinstyle.cz\/","title":{"rendered":"Mezin\u00e1rodn\u011b chr\u00e1n\u011bn\u00e1 chovatelsk\u00e1 stanice border koli\u00ed"},"content":{"rendered":"\r\n<h2 id=\"jamie\" class=\"wp-block-heading\"><a href=\"https:\/\/justinstyle.cz\/?page_id=3734\">Jamie<\/a><\/h2>\r\n\r\n\r\n\r\n<div class=\"wp-block-image\">\r\n<figure class=\"alignright\"><a href=\"https:\/\/justinstyle.cz\/?page_id=3734\"><img loading=\"lazy\" decoding=\"async\" width=\"300\" height=\"199\" class=\"wp-image-4345\" src=\"https:\/\/justinstyle.cz\/wp-content\/uploads\/2020\/11\/DSC_2703-300x199.jpg\" alt=\"\" srcset=\"https:\/\/justinstyle.cz\/wp-content\/uploads\/2020\/11\/DSC_2703-300x199.jpg 300w, https:\/\/justinstyle.cz\/wp-content\/uploads\/2020\/11\/DSC_2703-1024x681.jpg 1024w, https:\/\/justinstyle.cz\/wp-content\/uploads\/2020\/11\/DSC_2703-768x511.jpg 768w, https:\/\/justinstyle.cz\/wp-content\/uploads\/2020\/11\/DSC_2703-1536x1021.jpg 1536w, https:\/\/justinstyle.cz\/wp-content\/uploads\/2020\/11\/DSC_2703-2048x1362.jpg 2048w, https:\/\/justinstyle.cz\/wp-content\/uploads\/2020\/11\/DSC_2703-scaled.jpg 2560w\" sizes=\"auto, (max-width: 300px) 100vw, 300px\" \/><\/a><\/figure>\r\n<\/div>\r\n\r\n\r\n\r\n<p>Kr\u00e1sn\u00fd a povahou pevn\u00fd pejsek pln\u00fd energie a l\u00e1sky. Velice r\u00e1d pracuje, ale tak\u00e9 p\u0159edv\u00e1d\u00ed vesel\u00e9 kousky. Miluje lidi ka\u017ed\u00e9ho v\u011bku i velikosti a u ove\u010dek je ve sv\u00e9m \u017eivlu stejn\u011b jako ve v\u00fdstavn\u00edm kruhu.<\/p>\r\n\r\n\r\n\r\n<p><strong>Canisterapeutick\u00fd pes<\/strong><\/p>\r\n\r\n\r\n\r\n<h2 id=\"banynka\"><a href=\"https:\/\/justinstyle.cz\/?page_id=4692\">Banynka<\/a><\/h2>\r\n<p><strong>\r\n\r\n<\/strong><\/p>\r\n<div class=\"wp-block-image\">\r\n<figure class=\"alignright\"><a href=\"https:\/\/justinstyle.cz\/?page_id=4692\"><img loading=\"lazy\" decoding=\"async\" class=\"alignnone wp-image-4697 size-medium\" src=\"https:\/\/justinstyle.cz\/wp-content\/uploads\/2021\/10\/245359521_10218980103404964_1287954873925044948_n-300x200.jpg\" alt=\"\" width=\"300\" height=\"200\" srcset=\"https:\/\/justinstyle.cz\/wp-content\/uploads\/2021\/10\/245359521_10218980103404964_1287954873925044948_n-300x200.jpg 300w, https:\/\/justinstyle.cz\/wp-content\/uploads\/2021\/10\/245359521_10218980103404964_1287954873925044948_n-768x512.jpg 768w, https:\/\/justinstyle.cz\/wp-content\/uploads\/2021\/10\/245359521_10218980103404964_1287954873925044948_n-640x427.jpg 640w, https:\/\/justinstyle.cz\/wp-content\/uploads\/2021\/10\/245359521_10218980103404964_1287954873925044948_n-960x640.jpg 960w, https:\/\/justinstyle.cz\/wp-content\/uploads\/2021\/10\/245359521_10218980103404964_1287954873925044948_n.jpg 1000w\" sizes=\"auto, (max-width: 300px) 100vw, 300px\" \/><\/a><\/figure>\r\n<\/div>\r\n<p><strong>\r\n\r\n<\/strong><\/p>\r\n<p>Bany je m\u016fj prvn\u00ed vlastn\u00ed odchovan\u00fd pejsek, kter\u00fd z\u016fst\u00e1v\u00e1 doma. Tak trochu nepl\u00e1novan\u011b, rozhodla se sama a dala dostate\u010dn\u011b d\u016frazn\u011b najevo, \u017ee je doma pr\u00e1v\u011b u n\u00e1s a nikam nehodl\u00e1 odej\u00edt.<\/p>\r\n<p><strong>Canisterapeutick\u00fd pes<\/strong><\/p>\r\n\r\n\r\n\r\n<h2 id=\"mack\"><a href=\"https:\/\/justinstyle.cz\/?page_id=4855\">Mack<\/a><\/h2>\r\n<p><strong>\r\n\r\n<\/strong><\/p>\r\n<div class=\"wp-block-image\">\r\n<figure class=\"alignright\"><a href=\"https:\/\/justinstyle.cz\/?page_id=4855\"><img data-dominant-color=\"947673\" data-has-transparency=\"false\" style=\"--dominant-color: #947673;\" loading=\"lazy\" decoding=\"async\" class=\"alignnone wp-image-4856 size-medium not-transparent\" src=\"https:\/\/justinstyle.cz\/wp-content\/uploads\/2024\/04\/Mack-5-mesicu-hlava-300x200.webp\" alt=\"\" width=\"300\" height=\"200\" srcset=\"https:\/\/justinstyle.cz\/wp-content\/uploads\/2024\/04\/Mack-5-mesicu-hlava-300x200.webp 300w, https:\/\/justinstyle.cz\/wp-content\/uploads\/2024\/04\/Mack-5-mesicu-hlava-1024x683.webp 1024w, https:\/\/justinstyle.cz\/wp-content\/uploads\/2024\/04\/Mack-5-mesicu-hlava-768x512.webp 768w, https:\/\/justinstyle.cz\/wp-content\/uploads\/2024\/04\/Mack-5-mesicu-hlava-640x427.webp 640w, https:\/\/justinstyle.cz\/wp-content\/uploads\/2024\/04\/Mack-5-mesicu-hlava-960x640.webp 960w, https:\/\/justinstyle.cz\/wp-content\/uploads\/2024\/04\/Mack-5-mesicu-hlava-jpeg.webp 1080w\" sizes=\"auto, (max-width: 300px) 100vw, 300px\" \/><\/a><\/figure>\r\n<\/div>\r\n<p><strong>\r\n\r\n<\/strong><\/p>\r\n<p>Snila jsem o tom, \u017ee jednou si po\u0159\u00edd\u00edm zase chlape\u010dka, medv\u00eddka, sladk\u00e9ho \u0161ikulku, vtip\u00e1lka, co mi ukradne srdicko \u2026 A n\u011bkdy se prost\u011b sny spln\u00ed.<\/p>\r\n<p><strong>Canisterapeutick\u00fd pes<\/strong><\/p>\r\n\r\n\r\n\r\n<h2 id=\"terinka\" class=\"wp-block-heading\"><a href=\"https:\/\/justinstyle.cz\/?page_id=2591\">Terinka<\/a><\/h2>\r\n\r\n\r\n\r\n<div class=\"wp-block-image\">\r\n<figure class=\"alignright\"><a href=\"https:\/\/justinstyle.cz\/?page_id=2591\"><img loading=\"lazy\" decoding=\"async\" width=\"300\" height=\"199\" class=\"wp-image-4187\" src=\"https:\/\/justinstyle.cz\/wp-content\/uploads\/2019\/05\/DSC_3776-300x199.jpg\" alt=\"\" srcset=\"https:\/\/justinstyle.cz\/wp-content\/uploads\/2019\/05\/DSC_3776-300x199.jpg 300w, https:\/\/justinstyle.cz\/wp-content\/uploads\/2019\/05\/DSC_3776-768x511.jpg 768w, https:\/\/justinstyle.cz\/wp-content\/uploads\/2019\/05\/DSC_3776-1024x681.jpg 1024w\" sizes=\"auto, (max-width: 300px) 100vw, 300px\" \/><\/a><\/figure>\r\n<\/div>\r\n\r\n\r\n\r\n<p>Terinka zvan\u00e1 Pindru\u0161e je prvn\u00ed moje vlastn\u00ed hol\u010di\u010dka. P\u0159i\u0161la k n\u00e1m do sme\u010dky 4 ps\u016f a bez probl\u00e9m\u016f zapadla, sjednala si sv\u016fj prostor. M\u00e1 \u00fa\u017easnou povahu, k d\u011btem a lidem celkov\u011b je velice jemn\u00e1, hladk\u00e1. Na pr\u00e1ci temperamentn\u00ed, hrav\u00e1, miluje balonky i kokinka.<\/p>\r\n\r\n\r\n\r\n<h2 id=\"mandlicka\" class=\"wp-block-heading\"><a href=\"https:\/\/justinstyle.cz\/?page_id=3404\">Mandli\u010dka<\/a><\/h2>\r\n\r\n\r\n\r\n<div class=\"wp-block-image\">\r\n<figure class=\"alignright\"><a href=\"https:\/\/justinstyle.cz\/?page_id=3404\"><img loading=\"lazy\" decoding=\"async\" width=\"300\" height=\"199\" class=\"wp-image-4090\" src=\"https:\/\/justinstyle.cz\/wp-content\/uploads\/2018\/11\/Mandli\u010dka-300x199.jpg\" alt=\"\" srcset=\"https:\/\/justinstyle.cz\/wp-content\/uploads\/2018\/11\/Mandli\u010dka-300x199.jpg 300w, https:\/\/justinstyle.cz\/wp-content\/uploads\/2018\/11\/Mandli\u010dka-768x510.jpg 768w, https:\/\/justinstyle.cz\/wp-content\/uploads\/2018\/11\/Mandli\u010dka-1024x680.jpg 1024w, https:\/\/justinstyle.cz\/wp-content\/uploads\/2018\/11\/Mandli\u010dka.jpg 1600w\" sizes=\"auto, (max-width: 300px) 100vw, 300px\" \/><\/a><\/figure>\r\n<\/div>\r\n\r\n\r\n\r\n<p>Mandli\u010dka, dcera Ravelka, povahou tat\u00ednka hodn\u011b p\u0159ipom\u00edn\u00e1. Ale \u2026 m\u00e1 i sv\u016fj vlastn\u00ed pohled na sv\u011bt. \ud83d\ude42 Modr\u00e1 \u0159editelka zraje, stala se z n\u00ed pevn\u00e1 sebev\u011bdom\u00e1 holka, p\u0159evzala vedouc\u00ed hol\u010di\u010d\u00ed pozici ve sme\u010dce.<\/p>\r\n<p><strong>Canisterapeutick\u00fd pes<\/strong><\/p>\r\n<h2 id=\"maly-aja\"><a href=\"https:\/\/justinstyle.cz\/?page_id=4950\">Mal\u00fd \u00c1ja<\/a><\/h2>\r\n<p>\r\n\r\n<\/p>\r\n<div class=\"wp-block-image\">\r\n<figure class=\"alignright\"><a href=\"https:\/\/justinstyle.cz\/?page_id=4950\"><img data-dominant-color=\"6d4c40\" data-has-transparency=\"false\" style=\"--dominant-color: #6d4c40;\" loading=\"lazy\" decoding=\"async\" class=\"alignnone wp-image-4952 size-medium not-transparent\" src=\"https:\/\/justinstyle.cz\/wp-content\/uploads\/2025\/01\/Maly-AJa-1-300x200.webp\" alt=\"\" width=\"300\" height=\"200\" srcset=\"https:\/\/justinstyle.cz\/wp-content\/uploads\/2025\/01\/Maly-AJa-1-300x200.webp 300w, https:\/\/justinstyle.cz\/wp-content\/uploads\/2025\/01\/Maly-AJa-1-1024x682.webp 1024w, https:\/\/justinstyle.cz\/wp-content\/uploads\/2025\/01\/Maly-AJa-1-768x512.webp 768w, https:\/\/justinstyle.cz\/wp-content\/uploads\/2025\/01\/Maly-AJa-1-1536x1023.webp 1536w, https:\/\/justinstyle.cz\/wp-content\/uploads\/2025\/01\/Maly-AJa-1-640x426.webp 640w, https:\/\/justinstyle.cz\/wp-content\/uploads\/2025\/01\/Maly-AJa-1-960x640.webp 960w, https:\/\/justinstyle.cz\/wp-content\/uploads\/2025\/01\/Maly-AJa-1.webp 1600w\" sizes=\"auto, (max-width: 300px) 100vw, 300px\" \/><\/a><\/figure>\r\n<\/div>\r\n<p>\r\n\r\n<\/p>\r\n<p>Aja je nejv\u00edc speci\u00e1ln\u00ed pejsek. Je to Ravelk\u016fv pravnuk, Mandli\u010dky vnou\u010dek, Banynky syn. P\u0159ezd\u00edvku zd\u011bdil po Ajovi, minuli se spolu p\u0159esn\u011b o 20 let. Je typick\u00fd p\u0159edstavitel m\u00e9ho chovu \u2013 povahou, je hippie, je roztomil\u00fd, s chut\u00ed k pr\u00e1ci a je naprosto neodolateln\u00fd<\/p>\r\n<p><strong>Canisterapeutick\u00fd pes ve v\u00fdcviku<\/strong><\/p>\r\n\r\n\r\n\r\n<h2 id=\"bajbuska\" class=\"wp-block-heading\"><a href=\"https:\/\/justinstyle.cz\/?page_id=4842\">Bajbu\u0161ka<\/a><\/h2>\r\n\r\n\r\n\r\n<div class=\"wp-block-image\">\r\n<figure class=\"alignright\"><a href=\"https:\/\/justinstyle.cz\/?page_id=4842\"><img data-dominant-color=\"616465\" data-has-transparency=\"false\" style=\"--dominant-color: #616465;\" loading=\"lazy\" decoding=\"async\" class=\"alignnone wp-image-4846 size-medium not-transparent\" src=\"https:\/\/justinstyle.cz\/wp-content\/uploads\/2024\/04\/IMG_3939-300x200.webp\" alt=\"\" width=\"300\" height=\"200\" srcset=\"https:\/\/justinstyle.cz\/wp-content\/uploads\/2024\/04\/IMG_3939-300x200.webp 300w, https:\/\/justinstyle.cz\/wp-content\/uploads\/2024\/04\/IMG_3939-1024x683.webp 1024w, https:\/\/justinstyle.cz\/wp-content\/uploads\/2024\/04\/IMG_3939-768x512.webp 768w, https:\/\/justinstyle.cz\/wp-content\/uploads\/2024\/04\/IMG_3939-1536x1024.webp 1536w, https:\/\/justinstyle.cz\/wp-content\/uploads\/2024\/04\/IMG_3939-2048x1365.webp 2048w, https:\/\/justinstyle.cz\/wp-content\/uploads\/2024\/04\/IMG_3939-640x427.webp 640w, https:\/\/justinstyle.cz\/wp-content\/uploads\/2024\/04\/IMG_3939-960x640.webp 960w, https:\/\/justinstyle.cz\/wp-content\/uploads\/2024\/04\/IMG_3939-scaled.webp 2560w\" sizes=\"auto, (max-width: 300px) 100vw, 300px\" \/><\/a><\/figure>\r\n<\/div>\r\n\r\n\r\n\r\n<p>Baby je tyg\u0159\u00ed pt\u00e1\u010dek. Neust\u00e1le v letu, reaktivn\u00ed, divok\u00e1, nezkrotn\u00e1, k\u0159ehk\u00e1. Je to pejsek na\u0161eho Nikolaska, jen si ji do\u010dasn\u011b u n\u00e1s nech\u00e1v\u00e1.<\/p>\r\n<p><strong>Canisterapeutick\u00fd pes<\/strong><\/p>\r\n\r\n\r\n\r\n\r\n\r\n<p>\u00a0<\/p>","protected":false},"excerpt":{"rendered":"Jamie Kr\u00e1sn\u00fd a povahou pevn\u00fd pejsek pln\u00fd energie a l\u00e1sky. Velice r\u00e1d pracuje, ale tak\u00e9 p\u0159edv\u00e1d\u00ed vesel\u00e9 kousky.&hellip;\n","protected":false},"author":769,"featured_media":0,"parent":0,"menu_order":0,"comment_status":"closed","ping_status":"closed","template":"","meta":{"footnotes":""},"class_list":{"0":"post-4348","1":"page","2":"type-page","3":"status-publish","5":"cs-entry","6":"cs-video-wrap"},"_links":{"self":[{"href":"https:\/\/justinstyle.cz\/index.php?rest_route=\/wp\/v2\/pages\/4348","targetHints":{"allow":["GET"]}}],"collection":[{"href":"https:\/\/justinstyle.cz\/index.php?rest_route=\/wp\/v2\/pages"}],"about":[{"href":"https:\/\/justinstyle.cz\/index.php?rest_route=\/wp\/v2\/types\/page"}],"author":[{"embeddable":true,"href":"https:\/\/justinstyle.cz\/index.php?rest_route=\/wp\/v2\/users\/769"}],"replies":[{"embeddable":true,"href":"https:\/\/justinstyle.cz\/index.php?rest_route=%2Fwp%2Fv2%2Fcomments&post=4348"}],"version-history":[{"count":67,"href":"https:\/\/justinstyle.cz\/index.php?rest_route=\/wp\/v2\/pages\/4348\/revisions"}],"predecessor-version":[{"id":4960,"href":"https:\/\/justinstyle.cz\/index.php?rest_route=\/wp\/v2\/pages\/4348\/revisions\/4960"}],"wp:attachment":[{"href":"https:\/\/justinstyle.cz\/index.php?rest_route=%2Fwp%2Fv2%2Fmedia&parent=4348"}],"curies":[{"name":"wp","href":"https:\/\/api.w.org\/{rel}","templated":true}]}}