{"id":4357,"date":"2020-11-25T20:42:04","date_gmt":"2020-11-25T19:42:04","guid":{"rendered":"https:\/\/justinstyle.cz\/?page_id=4357"},"modified":"2025-09-04T15:26:23","modified_gmt":"2025-09-04T14:26:23","slug":"in-memoriam","status":"publish","type":"page","link":"https:\/\/justinstyle.cz\/?page_id=4357","title":{"rendered":"In Memoriam"},"content":{"rendered":"<h2 id=\"ravelek\"><a href=\"https:\/\/justinstyle.cz\/?page_id=1249\">Ravelek<\/a><\/h2>\n<h2 id=\"\"><a href=\"https:\/\/justinstyle.cz\/?page_id=1249\"><img data-dominant-color=\"757575\" data-has-transparency=\"false\" style=\"--dominant-color: #757575;\" loading=\"lazy\" decoding=\"async\" class=\"alignright wp-image-4922 size-medium not-transparent\" src=\"https:\/\/justinstyle.cz\/wp-content\/uploads\/2025\/01\/Ravelek-IM-300x200.webp\" alt=\"\" width=\"300\" height=\"200\" srcset=\"https:\/\/justinstyle.cz\/wp-content\/uploads\/2025\/01\/Ravelek-IM-300x200.webp 300w, https:\/\/justinstyle.cz\/wp-content\/uploads\/2025\/01\/Ravelek-IM-1024x683.webp 1024w, https:\/\/justinstyle.cz\/wp-content\/uploads\/2025\/01\/Ravelek-IM-768x512.webp 768w, https:\/\/justinstyle.cz\/wp-content\/uploads\/2025\/01\/Ravelek-IM-640x427.webp 640w, https:\/\/justinstyle.cz\/wp-content\/uploads\/2025\/01\/Ravelek-IM-960x640.webp 960w, https:\/\/justinstyle.cz\/wp-content\/uploads\/2025\/01\/Ravelek-IM.webp 1200w\" sizes=\"auto, (max-width: 300px) 100vw, 300px\" \/><\/a><\/h2>\n<p>S Rav\u00ed\u010dkem se v\u011bnujeme obedience, v\u00fdstav\u00e1m, stop\u00e1m a pasen\u00ed ove\u010dek. Od mali\u010dka nav\u0161t\u011bvoval na\u0161\u00ed domovskou M\u0160 v P\u0159erov\u011b a v sou\u010dasn\u00e9 dob\u011b pracuje jako plnohodnotn\u00fd \u010dlen na\u0161eho canisterapeutick\u00e9ho t\u00fdmu.<\/p>\n<p>&nbsp;<\/p>\n<h2 id=\"dracek\"><a href=\"https:\/\/justinstyle.cz\/?page_id=17\">Dr\u00e1\u010dek<\/a><\/h2>\n<h2 id=\"-2\"><a href=\"https:\/\/justinstyle.cz\/?page_id=17\"><img loading=\"lazy\" decoding=\"async\" class=\"alignright wp-image-4580 size-medium\" src=\"https:\/\/justinstyle.cz\/wp-content\/uploads\/2020\/11\/image-300x201.jpg\" alt=\"\" width=\"300\" height=\"201\" srcset=\"https:\/\/justinstyle.cz\/wp-content\/uploads\/2020\/11\/image-300x201.jpg 300w, https:\/\/justinstyle.cz\/wp-content\/uploads\/2020\/11\/image-1024x685.jpg 1024w, https:\/\/justinstyle.cz\/wp-content\/uploads\/2020\/11\/image-768x514.jpg 768w, https:\/\/justinstyle.cz\/wp-content\/uploads\/2020\/11\/image-1536x1028.jpg 1536w, https:\/\/justinstyle.cz\/wp-content\/uploads\/2020\/11\/image-2048x1371.jpg 2048w, https:\/\/justinstyle.cz\/wp-content\/uploads\/2020\/11\/image-640x428.jpg 640w, https:\/\/justinstyle.cz\/wp-content\/uploads\/2020\/11\/image-960x643.jpg 960w, https:\/\/justinstyle.cz\/wp-content\/uploads\/2020\/11\/image-scaled.jpg 2560w\" sizes=\"auto, (max-width: 300px) 100vw, 300px\" \/><\/a><\/h2>\n<p>Drake je m\u016fj pes sn\u016f, s b\u00e1je\u010dnou nekonfliktn\u00ed a jemnou povahou. Je velice vst\u0159\u00edcn\u00fd a pro pochvalu nebo kokinko ud\u011bl\u00e1 v\u0161echno na sv\u011bt\u011b. Kr\u00e1sn\u011b se s n\u00edm pracuje a cvi\u010d\u00ed, je velice inteligentn\u00ed, chtiv\u00fd pr\u00e1ce, trp\u011bliv\u00fd, n\u011b\u017en\u00fd a p\u0159edev\u0161\u00edm velk\u00e1 ps\u00ed osobnost.<\/p>\n<p>&nbsp;<\/p>\n<h2 id=\"ajinek\"><a href=\"https:\/\/justinstyle.cz\/?page_id=15\">\u00c1jinek<\/a><\/h2>\n<h2 id=\"-3\"><a href=\"https:\/\/justinstyle.cz\/?page_id=15\"><img loading=\"lazy\" decoding=\"async\" class=\"alignright wp-image-4584 size-medium\" src=\"https:\/\/justinstyle.cz\/wp-content\/uploads\/2020\/11\/Aja_grey-300x201.jpg\" alt=\"\" width=\"300\" height=\"201\" srcset=\"https:\/\/justinstyle.cz\/wp-content\/uploads\/2020\/11\/Aja_grey-300x201.jpg 300w, https:\/\/justinstyle.cz\/wp-content\/uploads\/2020\/11\/Aja_grey-1024x685.jpg 1024w, https:\/\/justinstyle.cz\/wp-content\/uploads\/2020\/11\/Aja_grey-768x514.jpg 768w, https:\/\/justinstyle.cz\/wp-content\/uploads\/2020\/11\/Aja_grey-1536x1028.jpg 1536w, https:\/\/justinstyle.cz\/wp-content\/uploads\/2020\/11\/Aja_grey-2048x1371.jpg 2048w, https:\/\/justinstyle.cz\/wp-content\/uploads\/2020\/11\/Aja_grey-640x428.jpg 640w, https:\/\/justinstyle.cz\/wp-content\/uploads\/2020\/11\/Aja_grey-960x643.jpg 960w, https:\/\/justinstyle.cz\/wp-content\/uploads\/2020\/11\/Aja_grey-scaled.jpg 2560w\" sizes=\"auto, (max-width: 300px) 100vw, 300px\" \/><\/a><\/h2>\n<p>Aja, Ajka, J\u00e1ja p\u0159i\u0161el do na\u0161\u00ed rodinky v dob\u011b, kdy Berousek m\u011bl u\u017e skoro 4 roky. Ajk\u016fv \u017eivot je od prvn\u00ed chv\u00edle u n\u00e1s divok\u00fd, \u017eiveln\u00fd, vesel\u00fd, hlu\u010dn\u00fd, miluj\u00edc\u00ed, sam\u00fd pr\u016f\u0161vih zp\u016fsoben\u00fd neuv\u011b\u0159iteln\u00fdm temperamentem.<\/p>\n<p>&nbsp;<\/p>\n<h2 id=\"berousek\"><a href=\"https:\/\/justinstyle.cz\/?page_id=13\">Berousek<\/a><\/h2>\n<h2 id=\"-4\"><a href=\"https:\/\/justinstyle.cz\/?page_id=13\"><img loading=\"lazy\" decoding=\"async\" class=\"alignright wp-image-4582 size-medium\" src=\"https:\/\/justinstyle.cz\/wp-content\/uploads\/2020\/11\/Berry_grey-300x169.jpg\" alt=\"\" width=\"300\" height=\"169\" srcset=\"https:\/\/justinstyle.cz\/wp-content\/uploads\/2020\/11\/Berry_grey-300x169.jpg 300w, https:\/\/justinstyle.cz\/wp-content\/uploads\/2020\/11\/Berry_grey-1024x576.jpg 1024w, https:\/\/justinstyle.cz\/wp-content\/uploads\/2020\/11\/Berry_grey-768x432.jpg 768w, https:\/\/justinstyle.cz\/wp-content\/uploads\/2020\/11\/Berry_grey-1536x864.jpg 1536w, https:\/\/justinstyle.cz\/wp-content\/uploads\/2020\/11\/Berry_grey-640x360.jpg 640w, https:\/\/justinstyle.cz\/wp-content\/uploads\/2020\/11\/Berry_grey-960x540.jpg 960w, https:\/\/justinstyle.cz\/wp-content\/uploads\/2020\/11\/Berry_grey.jpg 1920w\" sizes=\"auto, (max-width: 300px) 100vw, 300px\" \/><\/a><\/h2>\n<p>Berousek je prvn\u00ed border\u00e1\u010dek, kter\u00e9ho jsem si po\u0159\u00eddila. Sedli jsme k sob\u011b jak povahami, tak p\u0159\u00edstupem k \u017eivotu, otev\u0159el mi nov\u00e9 obzory a vzbudil l\u00e1sku jak k borderk\u00e1m, tak ke sportovn\u00ed kynologii, k v\u00fdstav\u00e1m.<\/p>\n<p>&nbsp;<\/p>\n<h2 id=\"sisinka\"><a href=\"https:\/\/justinstyle.cz\/?page_id=1009\">Sisinka<\/a><\/h2>\n<p><img data-dominant-color=\"947f80\" data-has-transparency=\"false\" style=\"--dominant-color: #947f80;\" loading=\"lazy\" decoding=\"async\" class=\"alignright wp-image-5010 size-medium not-transparent\" src=\"https:\/\/justinstyle.cz\/wp-content\/uploads\/2025\/09\/19b3d96c-f40c-4a7e-9057-9e8d5eff5dd0-300x200.avif\" alt=\"\" width=\"300\" height=\"200\" srcset=\"https:\/\/justinstyle.cz\/wp-content\/uploads\/2025\/09\/19b3d96c-f40c-4a7e-9057-9e8d5eff5dd0-300x200.avif 300w, https:\/\/justinstyle.cz\/wp-content\/uploads\/2025\/09\/19b3d96c-f40c-4a7e-9057-9e8d5eff5dd0-1024x682.avif 1024w, https:\/\/justinstyle.cz\/wp-content\/uploads\/2025\/09\/19b3d96c-f40c-4a7e-9057-9e8d5eff5dd0-768x512.avif 768w, https:\/\/justinstyle.cz\/wp-content\/uploads\/2025\/09\/19b3d96c-f40c-4a7e-9057-9e8d5eff5dd0-1536x1024.avif 1536w, https:\/\/justinstyle.cz\/wp-content\/uploads\/2025\/09\/19b3d96c-f40c-4a7e-9057-9e8d5eff5dd0-640x427.avif 640w, https:\/\/justinstyle.cz\/wp-content\/uploads\/2025\/09\/19b3d96c-f40c-4a7e-9057-9e8d5eff5dd0-960x640.avif 960w, https:\/\/justinstyle.cz\/wp-content\/uploads\/2025\/09\/19b3d96c-f40c-4a7e-9057-9e8d5eff5dd0.avif 2000w\" sizes=\"auto, (max-width: 300px) 100vw, 300px\" \/>Sisi je v na\u0161em t\u00fdmu prvn\u00ed fene\u010dka &#8211; vymodlen\u00e1, vysn\u011bn\u00e1, dlouho o\u010dek\u00e1van\u00e1. U\u017e kdy\u017e se narodila, vybrala si moj\u00ed dceru Verunku za svoj\u00ed \u017eivotn\u00ed m\u00e1mu a Verunka S\u00edsu za svoj\u00ed \u017eivotn\u00ed l\u00e1sku. A p\u0159es to, \u017ee jejich cesty se na\u010das roze\u0161ly, nakonec jsou p\u0159ece jen spolu.<\/p>\n<h2 id=\"risa\"><a href=\"https:\/\/justinstyle.cz\/?page_id=19\">R\u00ed\u0161a<\/a><\/h2>\n<h2 id=\"-5\"><a href=\"https:\/\/justinstyle.cz\/?page_id=19\"><img loading=\"lazy\" decoding=\"async\" class=\"alignright wp-image-4583 size-medium\" src=\"https:\/\/justinstyle.cz\/wp-content\/uploads\/2020\/11\/Risa_grey-300x199.jpg\" alt=\"\" width=\"300\" height=\"199\" srcset=\"https:\/\/justinstyle.cz\/wp-content\/uploads\/2020\/11\/Risa_grey-300x199.jpg 300w, https:\/\/justinstyle.cz\/wp-content\/uploads\/2020\/11\/Risa_grey-768x510.jpg 768w, https:\/\/justinstyle.cz\/wp-content\/uploads\/2020\/11\/Risa_grey-640x425.jpg 640w, https:\/\/justinstyle.cz\/wp-content\/uploads\/2020\/11\/Risa_grey.jpg 960w\" sizes=\"auto, (max-width: 300px) 100vw, 300px\" \/><\/a><\/h2>\n<p>R\u00ed\u0161\u00e1nek je nejhodn\u011bj\u0161\u00ed ze v\u0161ech na\u0161ich pejsk\u016f. Je velice pod\u0159\u00edzen\u00fd, nem\u00e1 r\u00e1d, kdy\u017e se zlob\u00edm. P\u0159i cvi\u010den\u00ed je pomalej\u0161\u00ed, skoro jako by neum\u011bl do p\u011bti po\u010d\u00edtat.<\/p>\n<p>&nbsp;<\/p>\n","protected":false},"excerpt":{"rendered":"Ravelek S Rav\u00ed\u010dkem se v\u011bnujeme obedience, v\u00fdstav\u00e1m, stop\u00e1m a pasen\u00ed ove\u010dek. Od mali\u010dka nav\u0161t\u011bvoval na\u0161\u00ed domovskou M\u0160 v&hellip;\n","protected":false},"author":769,"featured_media":2033,"parent":0,"menu_order":0,"comment_status":"closed","ping_status":"closed","template":"","meta":{"footnotes":""},"class_list":{"0":"post-4357","1":"page","2":"type-page","3":"status-publish","4":"has-post-thumbnail","6":"cs-entry","7":"cs-video-wrap"},"_links":{"self":[{"href":"https:\/\/justinstyle.cz\/index.php?rest_route=\/wp\/v2\/pages\/4357","targetHints":{"allow":["GET"]}}],"collection":[{"href":"https:\/\/justinstyle.cz\/index.php?rest_route=\/wp\/v2\/pages"}],"about":[{"href":"https:\/\/justinstyle.cz\/index.php?rest_route=\/wp\/v2\/types\/page"}],"author":[{"embeddable":true,"href":"https:\/\/justinstyle.cz\/index.php?rest_route=\/wp\/v2\/users\/769"}],"replies":[{"embeddable":true,"href":"https:\/\/justinstyle.cz\/index.php?rest_route=%2Fwp%2Fv2%2Fcomments&post=4357"}],"version-history":[{"count":18,"href":"https:\/\/justinstyle.cz\/index.php?rest_route=\/wp\/v2\/pages\/4357\/revisions"}],"predecessor-version":[{"id":5014,"href":"https:\/\/justinstyle.cz\/index.php?rest_route=\/wp\/v2\/pages\/4357\/revisions\/5014"}],"wp:featuredmedia":[{"embeddable":true,"href":"https:\/\/justinstyle.cz\/index.php?rest_route=\/wp\/v2\/media\/2033"}],"wp:attachment":[{"href":"https:\/\/justinstyle.cz\/index.php?rest_route=%2Fwp%2Fv2%2Fmedia&parent=4357"}],"curies":[{"name":"wp","href":"https:\/\/api.w.org\/{rel}","templated":true}]}}