{"id":4692,"date":"2021-10-13T17:26:16","date_gmt":"2021-10-13T16:26:16","guid":{"rendered":"https:\/\/justinstyle.cz\/?page_id=4692"},"modified":"2026-04-19T07:24:41","modified_gmt":"2026-04-19T06:24:41","slug":"banynka","status":"publish","type":"page","link":"https:\/\/justinstyle.cz\/?page_id=4692","title":{"rendered":"Easter Bunny Just In Style"},"content":{"rendered":"<h1 id=\"easter-bunny-just-in-style-bany\" style=\"text-align: center;\">Easter Bunny Just In Style &#8222;Bany&#8220;<\/h1>\n<p style=\"text-align: center;\"><strong>Otec: <\/strong>Einstein Foxy Fox<\/p>\n<p style=\"text-align: center;\"><strong>Matka: <\/strong>Almond Joy Oaklet\u00b4s Dogstory<\/p>\n<p style=\"text-align: center;\"><strong>Narozena:<\/strong> 14.3.2021<\/p>\n<p style=\"text-align: center;\">DNA GG, RS, CEA, DM, MDR, NCL5, RS, SN, TNS, CNM, DMD, ISG<br \/>\ngenotyp normal<\/p>\n<p style=\"text-align: center;\">klinick\u00e9 vy\u0161et\u0159en\u00ed DOV \u2013 prost\u00e1<\/p>\n<p style=\"text-align: center;\"><span style=\"color: #ff6600;\"><strong>Chovn\u00e1 fena<\/strong><\/span><\/p>\n<p style=\"text-align: center;\"><strong>V\u00fdstavy:<\/strong><\/p>\n<p style=\"text-align: center;\"><strong><span style=\"color: #ff6600;\">Champion SK, Champion PL<\/span><\/strong><\/p>\n<p style=\"text-align: center;\"><span style=\"color: #ff6600;\"><strong>2x r. CAC, 7x CAC, N\u00e1rodn\u00ed v\u00edt\u011bz, r. CACIB<\/strong><\/span><\/p>\n<p style=\"text-align: center;\">t\u0159\u00edda mlad\u00fdch <span style=\"color: #ff6600;\"><strong>V1 CAJC, <\/strong><\/span><\/p>\n<p style=\"text-align: center;\">t\u0159\u00edda \u0161t\u011b\u0148at VN2, VN4, VN2, VN1<br \/>\nt\u0159\u00edda dorostu VN2, VN4<\/p>\n<p style=\"text-align: center;\"><strong>Zkou\u0161ky:\u00a0<\/strong><\/p>\n<p style=\"text-align: center;\"><span style=\"color: #ff6600;\"><strong>NHAT<\/strong><\/span> (v 7 m\u011bs\u00edc\u00edch), <span style=\"color: #ff6600;\"><strong>ZZO, BH-VT<\/strong><\/span><\/p>\n<p style=\"text-align: center;\"><strong><span style=\"color: #ff6600;\">Canisterapeutick\u00e1 zkou\u0161ka<\/span><\/strong><\/p>\n<p style=\"text-align: center;\">Bany je m\u016fj prvn\u00ed vlastn\u00ed odchovan\u00fd pejsek, kter\u00fd z\u016fst\u00e1v\u00e1 doma.<br \/>\nTak trochu nepl\u00e1novan\u011b, rozhodla se sama a dala dostate\u010dn\u011b d\u016frazn\u011b najevo, \u017ee je doma pr\u00e1v\u011b u n\u00e1s a nikam nehodl\u00e1 odej\u00edt.<\/p>\n<div id='gallery-1' class='gallery galleryid-4692 gallery-columns-3 gallery-size-thumbnail'><figure class='gallery-item'>\n\t\t\t<div class='gallery-icon landscape'>\n\t\t\t\t<a href='https:\/\/justinstyle.cz\/wp-content\/uploads\/2021\/10\/85_Easter-Bunny-Just-in-Style_VP4___2.jpg'><img loading=\"lazy\" decoding=\"async\" width=\"150\" height=\"150\" src=\"https:\/\/justinstyle.cz\/wp-content\/uploads\/2021\/10\/85_Easter-Bunny-Just-in-Style_VP4___2-150x150.jpg\" class=\"attachment-thumbnail size-thumbnail\" alt=\"\" srcset=\"https:\/\/justinstyle.cz\/wp-content\/uploads\/2021\/10\/85_Easter-Bunny-Just-in-Style_VP4___2-150x150.jpg 150w, https:\/\/justinstyle.cz\/wp-content\/uploads\/2021\/10\/85_Easter-Bunny-Just-in-Style_VP4___2-80x80.jpg 80w\" sizes=\"auto, (max-width: 150px) 100vw, 150px\" \/><\/a>\n\t\t\t<\/div><\/figure><figure class='gallery-item'>\n\t\t\t<div class='gallery-icon landscape'>\n\t\t\t\t<a href='https:\/\/justinstyle.cz\/wp-content\/uploads\/2021\/10\/85_Easter-Bunny-Just-in-Style_VP4___3.jpg'><img loading=\"lazy\" decoding=\"async\" width=\"150\" height=\"150\" src=\"https:\/\/justinstyle.cz\/wp-content\/uploads\/2021\/10\/85_Easter-Bunny-Just-in-Style_VP4___3-150x150.jpg\" class=\"attachment-thumbnail size-thumbnail\" alt=\"\" srcset=\"https:\/\/justinstyle.cz\/wp-content\/uploads\/2021\/10\/85_Easter-Bunny-Just-in-Style_VP4___3-150x150.jpg 150w, https:\/\/justinstyle.cz\/wp-content\/uploads\/2021\/10\/85_Easter-Bunny-Just-in-Style_VP4___3-80x80.jpg 80w\" sizes=\"auto, (max-width: 150px) 100vw, 150px\" \/><\/a>\n\t\t\t<\/div><\/figure><figure class='gallery-item'>\n\t\t\t<div class='gallery-icon landscape'>\n\t\t\t\t<a href='https:\/\/justinstyle.cz\/wp-content\/uploads\/2021\/10\/DSC_0047-scaled.jpg'><img loading=\"lazy\" decoding=\"async\" width=\"150\" height=\"150\" src=\"https:\/\/justinstyle.cz\/wp-content\/uploads\/2021\/10\/DSC_0047-150x150.jpg\" class=\"attachment-thumbnail size-thumbnail\" alt=\"\" srcset=\"https:\/\/justinstyle.cz\/wp-content\/uploads\/2021\/10\/DSC_0047-150x150.jpg 150w, https:\/\/justinstyle.cz\/wp-content\/uploads\/2021\/10\/DSC_0047-80x80.jpg 80w, https:\/\/justinstyle.cz\/wp-content\/uploads\/2021\/10\/DSC_0047-960x960.jpg 960w\" sizes=\"auto, (max-width: 150px) 100vw, 150px\" \/><\/a>\n\t\t\t<\/div><\/figure><figure class='gallery-item'>\n\t\t\t<div class='gallery-icon landscape'>\n\t\t\t\t<a href='https:\/\/justinstyle.cz\/wp-content\/uploads\/2021\/10\/DSC_0111-scaled.jpg'><img loading=\"lazy\" decoding=\"async\" width=\"150\" height=\"150\" src=\"https:\/\/justinstyle.cz\/wp-content\/uploads\/2021\/10\/DSC_0111-150x150.jpg\" class=\"attachment-thumbnail size-thumbnail\" alt=\"\" srcset=\"https:\/\/justinstyle.cz\/wp-content\/uploads\/2021\/10\/DSC_0111-150x150.jpg 150w, https:\/\/justinstyle.cz\/wp-content\/uploads\/2021\/10\/DSC_0111-80x80.jpg 80w, https:\/\/justinstyle.cz\/wp-content\/uploads\/2021\/10\/DSC_0111-960x960.jpg 960w\" sizes=\"auto, (max-width: 150px) 100vw, 150px\" \/><\/a>\n\t\t\t<\/div><\/figure><figure class='gallery-item'>\n\t\t\t<div class='gallery-icon landscape'>\n\t\t\t\t<a href='https:\/\/justinstyle.cz\/wp-content\/uploads\/2021\/10\/DSC_0058-scaled.jpg'><img loading=\"lazy\" decoding=\"async\" width=\"150\" height=\"150\" src=\"https:\/\/justinstyle.cz\/wp-content\/uploads\/2021\/10\/DSC_0058-150x150.jpg\" class=\"attachment-thumbnail size-thumbnail\" alt=\"\" srcset=\"https:\/\/justinstyle.cz\/wp-content\/uploads\/2021\/10\/DSC_0058-150x150.jpg 150w, https:\/\/justinstyle.cz\/wp-content\/uploads\/2021\/10\/DSC_0058-80x80.jpg 80w, https:\/\/justinstyle.cz\/wp-content\/uploads\/2021\/10\/DSC_0058-960x960.jpg 960w\" sizes=\"auto, (max-width: 150px) 100vw, 150px\" \/><\/a>\n\t\t\t<\/div><\/figure><figure class='gallery-item'>\n\t\t\t<div class='gallery-icon landscape'>\n\t\t\t\t<a href='https:\/\/justinstyle.cz\/wp-content\/uploads\/2021\/10\/DSC_0039-scaled.jpg'><img loading=\"lazy\" decoding=\"async\" width=\"150\" height=\"150\" src=\"https:\/\/justinstyle.cz\/wp-content\/uploads\/2021\/10\/DSC_0039-150x150.jpg\" class=\"attachment-thumbnail size-thumbnail\" alt=\"\" srcset=\"https:\/\/justinstyle.cz\/wp-content\/uploads\/2021\/10\/DSC_0039-150x150.jpg 150w, https:\/\/justinstyle.cz\/wp-content\/uploads\/2021\/10\/DSC_0039-80x80.jpg 80w, https:\/\/justinstyle.cz\/wp-content\/uploads\/2021\/10\/DSC_0039-960x960.jpg 960w\" sizes=\"auto, (max-width: 150px) 100vw, 150px\" \/><\/a>\n\t\t\t<\/div><\/figure>\n\t\t<\/div>\n\n","protected":false},"excerpt":{"rendered":"Easter Bunny Just In Style &#8222;Bany&#8220; Otec: Einstein Foxy Fox Matka: Almond Joy Oaklet\u00b4s Dogstory Narozena: 14.3.2021 DNA&hellip;\n","protected":false},"author":769,"featured_media":4695,"parent":8,"menu_order":0,"comment_status":"closed","ping_status":"closed","template":"","meta":{"footnotes":""},"class_list":{"0":"post-4692","1":"page","2":"type-page","3":"status-publish","4":"has-post-thumbnail","6":"cs-entry","7":"cs-video-wrap"},"_links":{"self":[{"href":"https:\/\/justinstyle.cz\/index.php?rest_route=\/wp\/v2\/pages\/4692","targetHints":{"allow":["GET"]}}],"collection":[{"href":"https:\/\/justinstyle.cz\/index.php?rest_route=\/wp\/v2\/pages"}],"about":[{"href":"https:\/\/justinstyle.cz\/index.php?rest_route=\/wp\/v2\/types\/page"}],"author":[{"embeddable":true,"href":"https:\/\/justinstyle.cz\/index.php?rest_route=\/wp\/v2\/users\/769"}],"replies":[{"embeddable":true,"href":"https:\/\/justinstyle.cz\/index.php?rest_route=%2Fwp%2Fv2%2Fcomments&post=4692"}],"version-history":[{"count":19,"href":"https:\/\/justinstyle.cz\/index.php?rest_route=\/wp\/v2\/pages\/4692\/revisions"}],"predecessor-version":[{"id":5068,"href":"https:\/\/justinstyle.cz\/index.php?rest_route=\/wp\/v2\/pages\/4692\/revisions\/5068"}],"up":[{"embeddable":true,"href":"https:\/\/justinstyle.cz\/index.php?rest_route=\/wp\/v2\/pages\/8"}],"wp:featuredmedia":[{"embeddable":true,"href":"https:\/\/justinstyle.cz\/index.php?rest_route=\/wp\/v2\/media\/4695"}],"wp:attachment":[{"href":"https:\/\/justinstyle.cz\/index.php?rest_route=%2Fwp%2Fv2%2Fmedia&parent=4692"}],"curies":[{"name":"wp","href":"https:\/\/api.w.org\/{rel}","templated":true}]}}