{"id":6,"date":"2010-02-25T10:46:27","date_gmt":"2010-02-25T09:46:27","guid":{"rendered":"https:\/\/justinstyle.cz\/?page_id=6"},"modified":"2020-11-26T18:26:52","modified_gmt":"2020-11-26T17:26:52","slug":"o-nas","status":"publish","type":"page","link":"https:\/\/justinstyle.cz\/?page_id=6","title":{"rendered":"O n\u00e1s"},"content":{"rendered":"<h2 id=\"vitam-vas-na-strankach-venovanych-tymu-mych-border-collii\" style=\"text-align: center;\">\u00a0V\u00edt\u00e1m v\u00e1s na str\u00e1nk\u00e1ch v\u011bnovan\u00fdch t\u00fdmu m\u00fdch border colli\u00ed<\/h2>\n<p style=\"text-align: center;\">Chovatelsk\u00e1 stanice border koli\u00ed Just In Style \u2013 Olomouck\u00fd kraj, okres P\u0159erov.<\/p>\n<p style=\"text-align: center;\">V roce 2001 se narodil v chovatelsk\u00e9 stanici Foxy Fox vrh \u201eB\u201c \u2013 3 \u010dernob\u00edl\u00e9 ps\u00ed sle\u010dny a jeden modrob\u00edl\u00fd kluk jm\u00e9nem Berousek. A tak to v\u0161echno cel\u00e9 za\u010dalo \u2026.<\/p>\n<p style=\"text-align: center;\">Moj\u00ed prvn\u00ed borderkou byl <strong>Berry Blue Foxy Fox<\/strong>, narozen\u00fd v kv\u011btnu 2001.<\/p>\n<p style=\"text-align: center;\">Postupn\u011b se k n\u011bmu \u201ep\u0159id\u00e1vali\u201c dal\u0161\u00ed pejsci tohoto \u00fa\u017easn\u00e9ho plemene, <strong>Ivanhoe Foxy Fox<\/strong> (2004)<\/p>\n<p style=\"text-align: center;\"><strong>Borderline Country Justinstyle \u201eDrake\u201c<\/strong> (2008)<\/p>\n<p style=\"text-align: center;\"><strong>Borderline Country Ravel<\/strong> (2011)<\/p>\n<p style=\"text-align: center;\">Prvn\u00ed fenkou na\u0161eho t\u00fdmu je <strong>Unai Foxy Fox<\/strong> (2010), kter\u00e1 \u017eije u moj\u00ed dcery Veroniky v Brn\u011b.<\/p>\n<p style=\"text-align: center;\">Kone\u010dn\u011b jsem tedy sebrala odvahu a roz\u0161\u00ed\u0159ila sme\u010dku i o dv\u011b hol\u010di\u010dky, <strong>Terrific Speed Z \u010cernob\u00edl\u00fdch<\/strong> (2013)<\/p>\n<p style=\"text-align: center;\"><strong>Almond Joy Oaklet\u00b4s Dogstory<\/strong> (2015)<\/p>\n<p style=\"text-align: center;\"><strong>Ing Foxy Fox<\/strong> \u201eJamie\u201c je n\u00e1vrat do Ch.S. Foxy Fox (2017)<\/p>\n<p style=\"text-align: center;\"><strong>V \u010dervnu 2016 se narodil n\u00e1\u0161 vrh \u201eA\u201c, rodi\u010de jsou Terinka a Ravelek.\u00a0<\/strong><\/p>\n<p style=\"text-align: center;\"><strong>V \u0159\u00edjnu 2017 se narodil n\u00e1\u0161 vrh \u201eB\u201c, rodi\u010de jsou Terinka a Zachary Foxy Fox<\/strong><\/p>\n<p style=\"text-align: center;\">V\u0161ichni moji psi maj\u00ed ve\u0161ker\u00e1 vy\u0161et\u0159en\u00ed pro chov, v\u0161ichni maj\u00ed slo\u017eenou zkou\u0161ku vloh pasen\u00ed a spoustu jin\u00fdch zkou\u0161ek ze sportovn\u00ed kynologie, obedience, dogdancingu atd..<\/p>\n<p style=\"text-align: center;\">Berry, Drake, Ravel, Terinka, Mandli\u010dka a Jamie pracuj\u00ed (pracovali) jako canisterapeuti\u010dt\u00ed psi v M\u0160 P\u0159erov.<\/p>\n<p style=\"text-align: center;\">Krom\u011b pr\u00e1ce jsou \u00fasp\u011b\u0161n\u00ed i na v\u00fdstav\u00e1ch, 5x Ich, 7x Ch BCCCZ, Ch, JCH, VetCh mnoha zem\u00ed, apod.<\/p>\n<p style=\"text-align: center;\">U borderek obecn\u011b si ze v\u0161eho nejv\u00edce v\u00e1\u017e\u00edm jejich ochoty neust\u00e1le pracovat, jejich \u00fa\u017easn\u00fdch povah, kr\u00e1sn\u00e9ho exteri\u00e9ru, dobr\u00e9ho zdrav\u00ed.<\/p>\n<p style=\"text-align: center;\">T\u00edmto sm\u011brem chci, aby sm\u011b\u0159oval m\u016fj chov i m\u016fj \u017eivot s t\u011bmito dokonal\u00fdmi par\u0165\u00e1ky.<\/p>\n<p style=\"text-align: center;\"><a href=\"https:\/\/justinstyle.cz\/wp-content\/uploads\/2020\/01\/v\u00e1no\u010dn\u00ed-p\u0159\u00e1n\u00ed-2019.png\"><img loading=\"lazy\" decoding=\"async\" class=\" wp-image-4264 aligncenter\" src=\"https:\/\/justinstyle.cz\/wp-content\/uploads\/2020\/01\/v\u00e1no\u010dn\u00ed-p\u0159\u00e1n\u00ed-2019-300x151.png\" alt=\"\" width=\"457\" height=\"230\" srcset=\"https:\/\/justinstyle.cz\/wp-content\/uploads\/2020\/01\/v\u00e1no\u010dn\u00ed-p\u0159\u00e1n\u00ed-2019-300x151.png 300w, https:\/\/justinstyle.cz\/wp-content\/uploads\/2020\/01\/v\u00e1no\u010dn\u00ed-p\u0159\u00e1n\u00ed-2019-1024x515.png 1024w, https:\/\/justinstyle.cz\/wp-content\/uploads\/2020\/01\/v\u00e1no\u010dn\u00ed-p\u0159\u00e1n\u00ed-2019-768x386.png 768w, https:\/\/justinstyle.cz\/wp-content\/uploads\/2020\/01\/v\u00e1no\u010dn\u00ed-p\u0159\u00e1n\u00ed-2019-1536x773.png 1536w, https:\/\/justinstyle.cz\/wp-content\/uploads\/2020\/01\/v\u00e1no\u010dn\u00ed-p\u0159\u00e1n\u00ed-2019-2048x1030.png 2048w\" sizes=\"auto, (max-width: 457px) 100vw, 457px\" \/><\/a><\/p>\n","protected":false},"excerpt":{"rendered":"\u00a0V\u00edt\u00e1m v\u00e1s na str\u00e1nk\u00e1ch v\u011bnovan\u00fdch t\u00fdmu m\u00fdch border colli\u00ed Chovatelsk\u00e1 stanice border koli\u00ed Just In Style \u2013 Olomouck\u00fd&hellip;\n","protected":false},"author":1,"featured_media":3947,"parent":0,"menu_order":2,"comment_status":"closed","ping_status":"open","template":"","meta":{"footnotes":""},"class_list":{"0":"post-6","1":"page","2":"type-page","3":"status-publish","4":"has-post-thumbnail","6":"cs-entry","7":"cs-video-wrap"},"_links":{"self":[{"href":"https:\/\/justinstyle.cz\/index.php?rest_route=\/wp\/v2\/pages\/6","targetHints":{"allow":["GET"]}}],"collection":[{"href":"https:\/\/justinstyle.cz\/index.php?rest_route=\/wp\/v2\/pages"}],"about":[{"href":"https:\/\/justinstyle.cz\/index.php?rest_route=\/wp\/v2\/types\/page"}],"author":[{"embeddable":true,"href":"https:\/\/justinstyle.cz\/index.php?rest_route=\/wp\/v2\/users\/1"}],"replies":[{"embeddable":true,"href":"https:\/\/justinstyle.cz\/index.php?rest_route=%2Fwp%2Fv2%2Fcomments&post=6"}],"version-history":[{"count":33,"href":"https:\/\/justinstyle.cz\/index.php?rest_route=\/wp\/v2\/pages\/6\/revisions"}],"predecessor-version":[{"id":4458,"href":"https:\/\/justinstyle.cz\/index.php?rest_route=\/wp\/v2\/pages\/6\/revisions\/4458"}],"wp:featuredmedia":[{"embeddable":true,"href":"https:\/\/justinstyle.cz\/index.php?rest_route=\/wp\/v2\/media\/3947"}],"wp:attachment":[{"href":"https:\/\/justinstyle.cz\/index.php?rest_route=%2Fwp%2Fv2%2Fmedia&parent=6"}],"curies":[{"name":"wp","href":"https:\/\/api.w.org\/{rel}","templated":true}]}}